{"id":1094,"date":"2018-08-06T11:42:11","date_gmt":"2018-08-06T11:42:11","guid":{"rendered":"https:\/\/stats4sport.com\/add-events\/"},"modified":"2020-06-30T20:18:22","modified_gmt":"2020-06-30T20:18:22","slug":"add-events","status":"publish","type":"page","link":"https:\/\/stats4sport.com\/lt\/add-events\/","title":{"rendered":"Kaip prid\u0117ti nauj\u0105 \u012fvyk\u012f?"},"content":{"rendered":"","protected":false},"excerpt":{"rendered":"","protected":false},"author":1,"featured_media":0,"parent":0,"menu_order":0,"comment_status":"closed","ping_status":"closed","template":"support.php","meta":{"_acf_changed":false,"_exactmetrics_skip_tracking":false,"_exactmetrics_sitenote_active":false,"_exactmetrics_sitenote_note":"","_exactmetrics_sitenote_category":0,"footnotes":""},"acf":[],"_links":{"self":[{"href":"https:\/\/stats4sport.com\/lt\/wp-json\/wp\/v2\/pages\/1094"}],"collection":[{"href":"https:\/\/stats4sport.com\/lt\/wp-json\/wp\/v2\/pages"}],"about":[{"href":"https:\/\/stats4sport.com\/lt\/wp-json\/wp\/v2\/types\/page"}],"author":[{"embeddable":true,"href":"https:\/\/stats4sport.com\/lt\/wp-json\/wp\/v2\/users\/1"}],"replies":[{"embeddable":true,"href":"https:\/\/stats4sport.com\/lt\/wp-json\/wp\/v2\/comments?post=1094"}],"version-history":[{"count":5,"href":"https:\/\/stats4sport.com\/lt\/wp-json\/wp\/v2\/pages\/1094\/revisions"}],"predecessor-version":[{"id":4498,"href":"https:\/\/stats4sport.com\/lt\/wp-json\/wp\/v2\/pages\/1094\/revisions\/4498"}],"wp:attachment":[{"href":"https:\/\/stats4sport.com\/lt\/wp-json\/wp\/v2\/media?parent=1094"}],"curies":[{"name":"wp","href":"https:\/\/api.w.org\/{rel}","templated":true}]}}