{"id":10971,"date":"2025-10-26T23:28:32","date_gmt":"2025-10-26T23:28:32","guid":{"rendered":"https:\/\/stats4sport.com\/?page_id=10971"},"modified":"2025-10-26T23:42:27","modified_gmt":"2025-10-26T23:42:27","slug":"dvieju-veiksniu-autentifikacija","status":"publish","type":"page","link":"https:\/\/stats4sport.com\/lt\/dvieju-veiksniu-autentifikacija\/","title":{"rendered":"Dviej\u0173 veiksni\u0173 autentifikacija internetin\u0117je platformoje"},"content":{"rendered":"","protected":false},"excerpt":{"rendered":"","protected":false},"author":1,"featured_media":0,"parent":0,"menu_order":0,"comment_status":"closed","ping_status":"closed","template":"support.php","meta":{"_acf_changed":false,"_exactmetrics_skip_tracking":false,"_exactmetrics_sitenote_active":false,"_exactmetrics_sitenote_note":"","_exactmetrics_sitenote_category":0,"footnotes":""},"acf":[],"_links":{"self":[{"href":"https:\/\/stats4sport.com\/lt\/wp-json\/wp\/v2\/pages\/10971"}],"collection":[{"href":"https:\/\/stats4sport.com\/lt\/wp-json\/wp\/v2\/pages"}],"about":[{"href":"https:\/\/stats4sport.com\/lt\/wp-json\/wp\/v2\/types\/page"}],"author":[{"embeddable":true,"href":"https:\/\/stats4sport.com\/lt\/wp-json\/wp\/v2\/users\/1"}],"replies":[{"embeddable":true,"href":"https:\/\/stats4sport.com\/lt\/wp-json\/wp\/v2\/comments?post=10971"}],"version-history":[{"count":4,"href":"https:\/\/stats4sport.com\/lt\/wp-json\/wp\/v2\/pages\/10971\/revisions"}],"predecessor-version":[{"id":10984,"href":"https:\/\/stats4sport.com\/lt\/wp-json\/wp\/v2\/pages\/10971\/revisions\/10984"}],"wp:attachment":[{"href":"https:\/\/stats4sport.com\/lt\/wp-json\/wp\/v2\/media?parent=10971"}],"curies":[{"name":"wp","href":"https:\/\/api.w.org\/{rel}","templated":true}]}}