{"id":1102,"date":"2018-08-13T14:09:54","date_gmt":"2018-08-13T14:09:54","guid":{"rendered":"https:\/\/stats4sport.com\/add-new-athlete\/"},"modified":"2020-07-01T09:13:38","modified_gmt":"2020-07-01T09:13:38","slug":"add-new-athlete","status":"publish","type":"page","link":"https:\/\/stats4sport.com\/lt\/add-new-athlete\/","title":{"rendered":"Kaip prid\u0117ti nauj\u0105 sportinink\u0105?"},"content":{"rendered":"","protected":false},"excerpt":{"rendered":"","protected":false},"author":1,"featured_media":0,"parent":0,"menu_order":0,"comment_status":"closed","ping_status":"closed","template":"support.php","meta":{"_acf_changed":false,"_exactmetrics_skip_tracking":false,"_exactmetrics_sitenote_active":false,"_exactmetrics_sitenote_note":"","_exactmetrics_sitenote_category":0,"footnotes":""},"acf":[],"_links":{"self":[{"href":"https:\/\/stats4sport.com\/lt\/wp-json\/wp\/v2\/pages\/1102"}],"collection":[{"href":"https:\/\/stats4sport.com\/lt\/wp-json\/wp\/v2\/pages"}],"about":[{"href":"https:\/\/stats4sport.com\/lt\/wp-json\/wp\/v2\/types\/page"}],"author":[{"embeddable":true,"href":"https:\/\/stats4sport.com\/lt\/wp-json\/wp\/v2\/users\/1"}],"replies":[{"embeddable":true,"href":"https:\/\/stats4sport.com\/lt\/wp-json\/wp\/v2\/comments?post=1102"}],"version-history":[{"count":5,"href":"https:\/\/stats4sport.com\/lt\/wp-json\/wp\/v2\/pages\/1102\/revisions"}],"predecessor-version":[{"id":4555,"href":"https:\/\/stats4sport.com\/lt\/wp-json\/wp\/v2\/pages\/1102\/revisions\/4555"}],"wp:attachment":[{"href":"https:\/\/stats4sport.com\/lt\/wp-json\/wp\/v2\/media?parent=1102"}],"curies":[{"name":"wp","href":"https:\/\/api.w.org\/{rel}","templated":true}]}}