{"id":1156,"date":"2018-08-06T09:16:10","date_gmt":"2018-08-06T09:16:10","guid":{"rendered":"https:\/\/stats4sport.com\/calendar\/"},"modified":"2019-05-28T12:41:00","modified_gmt":"2019-05-28T12:41:00","slug":"calendar","status":"publish","type":"page","link":"https:\/\/stats4sport.com\/lt\/calendar\/","title":{"rendered":"Tvarkara\u0161tis"},"content":{"rendered":"<div class=\"featclearfix feat-content\">\n   <img decoding=\"async\" src=\"https:\/\/stats4sport.com\/wp-content\/uploads\/2018\/08\/Screen-Shot-2018-04-19-at-16.00.31-600x484.png\" alt=\"\" \twidth: 600px;><\/p>\n<div class=\"feat-text\">\n<h3><strong>Prad\u0117kite planuoti !<\/strong><\/h3>\n<h4><strong>Suplanuokite savo \u012fvykius <\/strong><\/h4>\n<p>&nbsp;<\/p>\n<p><span style=\"font-size: 16px;\">\u012eveskite treniruotes bei rungtynes ir \u0161iais \u012fvykiais gal\u0117site dalintis su bet kuo savo komandoje &#8211; per el. pa\u0161t\u0105 arba program\u0117l\u0119. Sukurkite viso sezono treniruo\u010di\u0173 bei rungtyni\u0173 plan\u0105 ir niekada nepraleisite jokio \u012fvykio. <\/span><\/p>\n<p>&nbsp;<\/p>\n<ul>\n<li><span style=\"font-size: 16px;\">Sukurkite \u012fvyk\u012f pagal tam tikr\u0105 kategorij\u0105 <\/span><\/li>\n<li><span style=\"font-size: 16px;\">Prid\u0117kite norimus failus <\/span><\/li>\n<li><span style=\"font-size: 16px;\">Dalinkit\u0117s komandos arba viso klubo kalendoriumi<\/span><\/li>\n<li><span style=\"font-size: 16px;\">Dalinkit\u0117s atskirais \u012fvykiais<\/span><\/li>\n<\/ul>\n<\/div>\n<\/div>\n<p><br clear=\"all\"><\/p>\n","protected":false},"excerpt":{"rendered":"<p>Prad\u0117kite planuoti ! Suplanuokite savo \u012fvykius &nbsp; \u012eveskite treniruotes bei rungtynes ir \u0161iais \u012fvykiais gal\u0117site dalintis su bet kuo savo komandoje &#8211; per el. pa\u0161t\u0105 arba program\u0117l\u0119. Sukurkite viso sezono treniruo\u010di\u0173 bei rungtyni\u0173 plan\u0105 ir niekada nepraleisite jokio \u012fvykio. &nbsp; Sukurkite \u012fvyk\u012f pagal tam tikr\u0105 kategorij\u0105 Prid\u0117kite norimus failus Dalinkit\u0117s komandos arba viso klubo kalendoriumi [&hellip;]<\/p>\n","protected":false},"author":1,"featured_media":0,"parent":0,"menu_order":0,"comment_status":"closed","ping_status":"closed","template":"","meta":{"_acf_changed":false,"_exactmetrics_skip_tracking":false,"_exactmetrics_sitenote_active":false,"_exactmetrics_sitenote_note":"","_exactmetrics_sitenote_category":0,"footnotes":""},"acf":[],"_links":{"self":[{"href":"https:\/\/stats4sport.com\/lt\/wp-json\/wp\/v2\/pages\/1156"}],"collection":[{"href":"https:\/\/stats4sport.com\/lt\/wp-json\/wp\/v2\/pages"}],"about":[{"href":"https:\/\/stats4sport.com\/lt\/wp-json\/wp\/v2\/types\/page"}],"author":[{"embeddable":true,"href":"https:\/\/stats4sport.com\/lt\/wp-json\/wp\/v2\/users\/1"}],"replies":[{"embeddable":true,"href":"https:\/\/stats4sport.com\/lt\/wp-json\/wp\/v2\/comments?post=1156"}],"version-history":[{"count":8,"href":"https:\/\/stats4sport.com\/lt\/wp-json\/wp\/v2\/pages\/1156\/revisions"}],"predecessor-version":[{"id":3992,"href":"https:\/\/stats4sport.com\/lt\/wp-json\/wp\/v2\/pages\/1156\/revisions\/3992"}],"wp:attachment":[{"href":"https:\/\/stats4sport.com\/lt\/wp-json\/wp\/v2\/media?parent=1156"}],"curies":[{"name":"wp","href":"https:\/\/api.w.org\/{rel}","templated":true}]}}