{"id":1305,"date":"2018-08-07T08:56:57","date_gmt":"2018-08-07T08:56:57","guid":{"rendered":"https:\/\/stats4sport.com\/forgot-password\/"},"modified":"2018-11-06T13:55:31","modified_gmt":"2018-11-06T13:55:31","slug":"forgot-password","status":"publish","type":"page","link":"https:\/\/stats4sport.com\/lt\/forgot-password\/","title":{"rendered":"Pamir\u0161au slapta\u017eod\u012f"},"content":{"rendered":"","protected":false},"excerpt":{"rendered":"","protected":false},"author":1,"featured_media":0,"parent":0,"menu_order":0,"comment_status":"closed","ping_status":"closed","template":"forgot.php","meta":{"_acf_changed":false,"_exactmetrics_skip_tracking":false,"_exactmetrics_sitenote_active":false,"_exactmetrics_sitenote_note":"","_exactmetrics_sitenote_category":0,"footnotes":""},"acf":[],"_links":{"self":[{"href":"https:\/\/stats4sport.com\/lt\/wp-json\/wp\/v2\/pages\/1305"}],"collection":[{"href":"https:\/\/stats4sport.com\/lt\/wp-json\/wp\/v2\/pages"}],"about":[{"href":"https:\/\/stats4sport.com\/lt\/wp-json\/wp\/v2\/types\/page"}],"author":[{"embeddable":true,"href":"https:\/\/stats4sport.com\/lt\/wp-json\/wp\/v2\/users\/1"}],"replies":[{"embeddable":true,"href":"https:\/\/stats4sport.com\/lt\/wp-json\/wp\/v2\/comments?post=1305"}],"version-history":[{"count":2,"href":"https:\/\/stats4sport.com\/lt\/wp-json\/wp\/v2\/pages\/1305\/revisions"}],"predecessor-version":[{"id":2497,"href":"https:\/\/stats4sport.com\/lt\/wp-json\/wp\/v2\/pages\/1305\/revisions\/2497"}],"wp:attachment":[{"href":"https:\/\/stats4sport.com\/lt\/wp-json\/wp\/v2\/media?parent=1305"}],"curies":[{"name":"wp","href":"https:\/\/api.w.org\/{rel}","templated":true}]}}