{"id":1315,"date":"2018-08-13T14:28:24","date_gmt":"2018-08-13T14:28:24","guid":{"rendered":"https:\/\/stats4sport.com\/hide-athlete\/"},"modified":"2020-07-01T09:27:22","modified_gmt":"2020-07-01T09:27:22","slug":"hide-athlete","status":"publish","type":"page","link":"https:\/\/stats4sport.com\/lt\/hide-athlete\/","title":{"rendered":"Kaip pasl\u0117pti sportinink\u0105 i\u0161 s\u0105ra\u0161o?"},"content":{"rendered":"","protected":false},"excerpt":{"rendered":"","protected":false},"author":1,"featured_media":0,"parent":0,"menu_order":0,"comment_status":"closed","ping_status":"closed","template":"support.php","meta":{"_acf_changed":false,"_exactmetrics_skip_tracking":false,"_exactmetrics_sitenote_active":false,"_exactmetrics_sitenote_note":"","_exactmetrics_sitenote_category":0,"footnotes":""},"acf":[],"_links":{"self":[{"href":"https:\/\/stats4sport.com\/lt\/wp-json\/wp\/v2\/pages\/1315"}],"collection":[{"href":"https:\/\/stats4sport.com\/lt\/wp-json\/wp\/v2\/pages"}],"about":[{"href":"https:\/\/stats4sport.com\/lt\/wp-json\/wp\/v2\/types\/page"}],"author":[{"embeddable":true,"href":"https:\/\/stats4sport.com\/lt\/wp-json\/wp\/v2\/users\/1"}],"replies":[{"embeddable":true,"href":"https:\/\/stats4sport.com\/lt\/wp-json\/wp\/v2\/comments?post=1315"}],"version-history":[{"count":5,"href":"https:\/\/stats4sport.com\/lt\/wp-json\/wp\/v2\/pages\/1315\/revisions"}],"predecessor-version":[{"id":4578,"href":"https:\/\/stats4sport.com\/lt\/wp-json\/wp\/v2\/pages\/1315\/revisions\/4578"}],"wp:attachment":[{"href":"https:\/\/stats4sport.com\/lt\/wp-json\/wp\/v2\/media?parent=1315"}],"curies":[{"name":"wp","href":"https:\/\/api.w.org\/{rel}","templated":true}]}}