{"id":1341,"date":"2018-08-13T14:49:09","date_gmt":"2018-08-13T14:49:09","guid":{"rendered":"https:\/\/stats4sport.com\/manage-practice-tests\/"},"modified":"2020-07-01T12:18:36","modified_gmt":"2020-07-01T12:18:36","slug":"manage-practice-tests","status":"publish","type":"page","link":"https:\/\/stats4sport.com\/lt\/manage-practice-tests\/","title":{"rendered":"Kaip per\u017ei\u016br\u0117ti testus?"},"content":{"rendered":"","protected":false},"excerpt":{"rendered":"","protected":false},"author":1,"featured_media":0,"parent":0,"menu_order":0,"comment_status":"closed","ping_status":"closed","template":"support.php","meta":{"_acf_changed":false,"_exactmetrics_skip_tracking":false,"_exactmetrics_sitenote_active":false,"_exactmetrics_sitenote_note":"","_exactmetrics_sitenote_category":0,"footnotes":""},"acf":[],"_links":{"self":[{"href":"https:\/\/stats4sport.com\/lt\/wp-json\/wp\/v2\/pages\/1341"}],"collection":[{"href":"https:\/\/stats4sport.com\/lt\/wp-json\/wp\/v2\/pages"}],"about":[{"href":"https:\/\/stats4sport.com\/lt\/wp-json\/wp\/v2\/types\/page"}],"author":[{"embeddable":true,"href":"https:\/\/stats4sport.com\/lt\/wp-json\/wp\/v2\/users\/1"}],"replies":[{"embeddable":true,"href":"https:\/\/stats4sport.com\/lt\/wp-json\/wp\/v2\/comments?post=1341"}],"version-history":[{"count":5,"href":"https:\/\/stats4sport.com\/lt\/wp-json\/wp\/v2\/pages\/1341\/revisions"}],"predecessor-version":[{"id":4617,"href":"https:\/\/stats4sport.com\/lt\/wp-json\/wp\/v2\/pages\/1341\/revisions\/4617"}],"wp:attachment":[{"href":"https:\/\/stats4sport.com\/lt\/wp-json\/wp\/v2\/media?parent=1341"}],"curies":[{"name":"wp","href":"https:\/\/api.w.org\/{rel}","templated":true}]}}