{"id":1350,"date":"2018-08-13T14:34:08","date_gmt":"2018-08-13T14:34:08","guid":{"rendered":"https:\/\/stats4sport.com\/manage-training-attendance\/"},"modified":"2020-07-01T09:30:24","modified_gmt":"2020-07-01T09:30:24","slug":"manage-training-attendance","status":"publish","type":"page","link":"https:\/\/stats4sport.com\/lt\/manage-training-attendance\/","title":{"rendered":"Kaip patikrinti treniruo\u010di\u0173 status\u0105?"},"content":{"rendered":"","protected":false},"excerpt":{"rendered":"","protected":false},"author":1,"featured_media":0,"parent":0,"menu_order":0,"comment_status":"closed","ping_status":"closed","template":"support.php","meta":{"_acf_changed":false,"_exactmetrics_skip_tracking":false,"_exactmetrics_sitenote_active":false,"_exactmetrics_sitenote_note":"","_exactmetrics_sitenote_category":0,"footnotes":""},"acf":[],"_links":{"self":[{"href":"https:\/\/stats4sport.com\/lt\/wp-json\/wp\/v2\/pages\/1350"}],"collection":[{"href":"https:\/\/stats4sport.com\/lt\/wp-json\/wp\/v2\/pages"}],"about":[{"href":"https:\/\/stats4sport.com\/lt\/wp-json\/wp\/v2\/types\/page"}],"author":[{"embeddable":true,"href":"https:\/\/stats4sport.com\/lt\/wp-json\/wp\/v2\/users\/1"}],"replies":[{"embeddable":true,"href":"https:\/\/stats4sport.com\/lt\/wp-json\/wp\/v2\/comments?post=1350"}],"version-history":[{"count":5,"href":"https:\/\/stats4sport.com\/lt\/wp-json\/wp\/v2\/pages\/1350\/revisions"}],"predecessor-version":[{"id":4589,"href":"https:\/\/stats4sport.com\/lt\/wp-json\/wp\/v2\/pages\/1350\/revisions\/4589"}],"wp:attachment":[{"href":"https:\/\/stats4sport.com\/lt\/wp-json\/wp\/v2\/media?parent=1350"}],"curies":[{"name":"wp","href":"https:\/\/api.w.org\/{rel}","templated":true}]}}