{"id":1377,"date":"2018-08-06T09:32:25","date_gmt":"2018-08-06T09:32:25","guid":{"rendered":"https:\/\/stats4sport.com\/match-training-attendance\/"},"modified":"2019-05-28T12:48:24","modified_gmt":"2019-05-28T12:48:24","slug":"match-training-attendance","status":"publish","type":"page","link":"https:\/\/stats4sport.com\/lt\/match-training-attendance\/","title":{"rendered":"Sportinink\u0173 lankomumo \u017eym\u0117jimas"},"content":{"rendered":"<div class=\"featclearfix feat-content\">\n   <img decoding=\"async\" src=\"https:\/\/stats4sport.com\/wp-content\/uploads\/2018\/08\/Screen-Shot-2018-04-19-at-16.03.46-600x483.png\" alt=\"\" width=\"600px\"><\/p>\n<div class=\"feat-text\">\n<h3><strong>B\u016bkite novatori\u0161kas !<\/strong><\/h3>\n<p>&nbsp;<\/p>\n<h4><strong>\u017dym\u0117kite sportinink\u0173 lankomum\u0105 tiesiai i\u0161 treniruo\u010di\u0173 aik\u0161tel\u0117s per J\u016bs\u0173 telefon\u0105 <\/strong><\/h4>\n<p>&nbsp;<\/p>\n<ul>\n<li class=\"rteindent4\">\n<h4><span style=\"font-size: 14px;\">Naudokite program\u0117l\u0119 ir \u017eym\u0117kite sportinink\u0173 lankomum\u0105 <\/span><\/h4>\n<\/li>\n<li>\n<h4 class=\"rteindent4\"><span style=\"font-size: 14px;\">Visada matykite vaizd\u0105 spalvomis <\/span><\/h4>\n<\/li>\n<li>\n<h4 class=\"rteindent4\"><span style=\"font-size: 14px;\">Dalinkit\u0117s komandos lankomumo lentele <\/span><\/h4>\n<\/li>\n<li>\n<h4 class=\"rteindent4\"><span style=\"font-size: 14px;\">Dalinkit\u0117s atskir\u0173 \u017eaid\u0117j\u0173 profiliu<\/span><\/h4>\n<\/li>\n<\/ul>\n<\/div>\n<\/div>\n<p><br clear=\"all\"><\/p>\n","protected":false},"excerpt":{"rendered":"<p>B\u016bkite novatori\u0161kas ! &nbsp; \u017dym\u0117kite sportinink\u0173 lankomum\u0105 tiesiai i\u0161 treniruo\u010di\u0173 aik\u0161tel\u0117s per J\u016bs\u0173 telefon\u0105 &nbsp; Naudokite program\u0117l\u0119 ir \u017eym\u0117kite sportinink\u0173 lankomum\u0105 Visada matykite vaizd\u0105 spalvomis Dalinkit\u0117s komandos lankomumo lentele Dalinkit\u0117s atskir\u0173 \u017eaid\u0117j\u0173 profiliu<\/p>\n","protected":false},"author":1,"featured_media":0,"parent":0,"menu_order":0,"comment_status":"closed","ping_status":"closed","template":"","meta":{"_acf_changed":false,"_exactmetrics_skip_tracking":false,"_exactmetrics_sitenote_active":false,"_exactmetrics_sitenote_note":"","_exactmetrics_sitenote_category":0,"footnotes":""},"acf":[],"_links":{"self":[{"href":"https:\/\/stats4sport.com\/lt\/wp-json\/wp\/v2\/pages\/1377"}],"collection":[{"href":"https:\/\/stats4sport.com\/lt\/wp-json\/wp\/v2\/pages"}],"about":[{"href":"https:\/\/stats4sport.com\/lt\/wp-json\/wp\/v2\/types\/page"}],"author":[{"embeddable":true,"href":"https:\/\/stats4sport.com\/lt\/wp-json\/wp\/v2\/users\/1"}],"replies":[{"embeddable":true,"href":"https:\/\/stats4sport.com\/lt\/wp-json\/wp\/v2\/comments?post=1377"}],"version-history":[{"count":8,"href":"https:\/\/stats4sport.com\/lt\/wp-json\/wp\/v2\/pages\/1377\/revisions"}],"predecessor-version":[{"id":3995,"href":"https:\/\/stats4sport.com\/lt\/wp-json\/wp\/v2\/pages\/1377\/revisions\/3995"}],"wp:attachment":[{"href":"https:\/\/stats4sport.com\/lt\/wp-json\/wp\/v2\/media?parent=1377"}],"curies":[{"name":"wp","href":"https:\/\/api.w.org\/{rel}","templated":true}]}}