{"id":1409,"date":"2018-08-06T08:14:12","date_gmt":"2018-08-06T08:14:12","guid":{"rendered":"https:\/\/stats4sport.com\/privacy-policy\/"},"modified":"2019-05-20T09:13:37","modified_gmt":"2019-05-20T09:13:37","slug":"privatumo-politika","status":"publish","type":"page","link":"https:\/\/stats4sport.com\/lt\/privatumo-politika\/","title":{"rendered":"Privatumo politika"},"content":{"rendered":"<h2 class=\"p1\"><span class=\"s1\"><b>Privatumo politika<\/b><\/span><\/h2>\n<p>&nbsp;<\/p>\n<h4 class=\"p2\"><span class=\"s1\"><b>Asmens duomen\u0173 apsauga<\/b><\/span><\/h4>\n<p>&nbsp;<\/p>\n<p class=\"p4\"><span class=\"s1\">Stats4sport ApS filialas pagal Lietuvos Respublikos \u012fstatymus \u012fsteigta ir veikiantis filialas, juridinio asmens kodas 304086416, buvein\u0117s adresas Elbingo 55-1, Vilnius, tel. +37061888992, el.pa\u0161tas info@stats4sport.com, vykdydama savo veikl\u0105 tvarko klient\u0173 asmens duomenis ir yra tvarkom\u0173 asmens duomen\u0173 valdytojas. <\/span><span class=\"s2\">\u00a0<\/span><\/p>\n<p>&nbsp;<\/p>\n<h4 class=\"p5\"><span class=\"s1\"><b>Tvarkomi J\u016bs\u0173 asmens duomenys:<\/b><\/span><\/h4>\n<p>&nbsp;<\/p>\n<p class=\"p5\"><span class=\"s1\">Norint tinkamai vykdyti \u012fsipareigojimus klientams\u00a0\u012fmon\u0117 renka ir tvarko \u0161iuos J\u016bs\u0173 pagrindinius asmens duomenis:<\/span><\/p>\n<ul class=\"ul1\">\n<li class=\"li6\"><span class=\"s1\">Vard\u0105:<\/span><\/li>\n<li class=\"li6\"><span class=\"s1\">Pavard\u0119;<\/span><\/li>\n<li>Gimimo dat\u0105<\/li>\n<li class=\"li6\"><span class=\"s1\">Telefono numer\u012f;<\/span><\/li>\n<li class=\"li6\"><span class=\"s1\">El. pa\u0161to adres\u0105;<\/span><\/li>\n<li class=\"li6\"><span class=\"s1\">Adres\u0105.<\/span><\/li>\n<li class=\"li7\"><span class=\"s1\">Banko s\u0105skaitos numer\u012f<\/span><\/li>\n<li class=\"li7\"><span class=\"s1\">Mok\u0117jimo kortel\u0117s paskutinius 4 skai\u010dius<\/span><\/li>\n<\/ul>\n<p>&nbsp;<\/p>\n<p class=\"p5\"><span class=\"s1\">\u012emon\u0117 neperduoda joki\u0173 duomen\u0173 apie J\u016bs\u0173 nar\u0161ym\u0105 m\u016bs\u0173 tinklapyje, i\u0161 kuri\u0173 b\u016bt\u0173 galima nustatyti J\u016bs\u0173 asmen\u012f.<\/span><\/p>\n<p>&nbsp;<\/p>\n<h4 class=\"p5\"><span class=\"s1\"><b>J\u016bs\u0173 asmens duomen\u0173 tvarkymo pagrindai<\/b><\/span><\/h4>\n<p>&nbsp;<\/p>\n<p class=\"p5\"><span class=\"s1\">J\u016bs\u0173 asmens duomenis tvarko, kai J\u016bs ketinate pasinaudoti m\u016bs\u0173 paslaugomis ir u\u017epildote registracijos form\u0105 m\u016bs\u0173 internetiniame puslapyje arba nesusikuriate individualios paskyros, bet norite, kad b\u016bt\u0173 suteiktos paslaugos.\u00a0<\/span><\/p>\n<p class=\"p5\"><span class=\"s1\">Svarbu, \u012fmon\u0117 negal\u0117s Jums teikti paslaug\u0173 jeigu neu\u017epildysite registracijos formos ir nepateiksite asmens duomen\u0173, kurie yra b\u016btini siekiant suteikti paslaugas. Su \u012fmon\u0117s patvirtintomis asmens duomen\u0173 apsaugos taisykl\u0117mis gali susipa\u017einti paspaud\u0119 ant \u0161ios nuorodos &#8211;\u00a0<a href=\"https:\/\/stats4sport.com\/lt\/asmens-duomenu-tvarkymo-taisykles\/\"><span class=\"s3\">asmens duomen\u0173 tvarkymo taisykl\u0117s<\/span><\/a><\/span><\/p>\n<p>&nbsp;<\/p>\n<h4 class=\"p5\"><span class=\"s1\"><b>Asmens duomen\u0173 saugojimo terminai<\/b><\/span><\/h4>\n<p>&nbsp;<\/p>\n<p class=\"p5\"><span class=\"s1\">J\u016bs\u0173 asmens duomenys saugomi ne ilgiau, negu to reikalauja duomen\u0173 tvarkymo tikslais ar numato teis\u0117s aktai, jeigu juose yra nustatytas ilgesnis duomen\u0173 saugojimas:<\/span><\/p>\n<ul class=\"ul1\">\n<li class=\"li6\"><span class=\"s1\">Tiesiogin\u0117s rinkodaros duomenys \u2013 5 metus nuo sutikimo gavimo arba iki J\u016bs at\u0161auksite savo sutikim\u0105;<\/span><\/li>\n<li class=\"li6\"><span class=\"s1\">Asmens duomenys gauti i\u0161 u\u017epildyt\u0173 registracij\u0173 saugomi 10 met\u0173, nuo kliento santyki\u0173 su \u012fmone pabaigos, i\u0161skyrus kai vadovaujantis Lietuvos Respublikos teis\u0117s aktais yra nustatyti ilgesni duomen\u0173 saugojimo terminai.\u00a0<\/span><\/li>\n<\/ul>\n<p>&nbsp;<\/p>\n<h4 class=\"p5\"><span class=\"s1\"><b>J\u016bs\u0173 teis\u0117s ir j\u0173 \u012fgyvendinimas<\/b><\/span><\/h4>\n<p>&nbsp;<\/p>\n<p class=\"p5\"><span class=\"s1\">J\u016bs turite teis\u0119:<\/span><\/p>\n<ul class=\"ul1\">\n<li class=\"li6\"><span class=\"s1\">Kreiptis \u012f \u012fmon\u0119 su pra\u0161ymu susipa\u017einti su \u012fmon\u0117s tvarkomais j\u016bs\u0173 asmens duomenimis;<\/span><\/li>\n<li class=\"li6\"><span class=\"s1\">Kreiptis \u012f \u012fmon\u0119 su pra\u0161ymu i\u0161taisyti J\u016bs\u0173 asmens duomenis ir\/arba sustabdyti toki\u0173 asmens duomen\u0173 tvarkymo veiksmus, i\u0161skyrus saugojim\u0105 \u2013 tuo atveju, kai susipa\u017einus su asmens duomenimis, nustatoma, kad duomenys yra neteisingi, nei\u0161sam\u016bs ar netikslus;<\/span><\/li>\n<li class=\"li6\"><span class=\"s1\">Kreiptis \u012f \u012fmon\u0119 su pra\u0161ymu sunaikinti asmens duomenis ar sustabdyti toki\u0173 asmens duomen\u0173 tvarkymo veiksmus, i\u0161skyrus saugojim\u0105 jei susipa\u017einus su tvarkomais asmens duomenimis, nustatoma, kad asmens duomenys yra tvarkomi neteis\u0117tai arba nes\u0105\u017einingai;<\/span><\/li>\n<li class=\"li6\"><span class=\"s1\">Nesutikti, kad b\u016bt\u0173 tvarkomi asmens duomenys, kai \u0161ie duomenys tvarkomi ar ketinami tvarkyti tiesiogin\u0117s rinkodaros tikslais arba d\u0117l teis\u0117to intereso, kurio siekia \u012fmon\u0117 arba tre\u010diasis asmuo, kuriam teikiami asmens duomenys.<\/span><\/li>\n<li class=\"li6\"><span class=\"s1\">Gauti su jumis susijusius asmens duomenis, kuriuos pateik\u0117te \u012fmonei \u012fprastai naudojamu kompiuterio skaitomu formatu ir persi\u0173sti juos kitam duomen\u0173 valdytojui (teis\u0117 \u012f duomen\u0173 perkeliamum\u0105);<\/span><\/li>\n<li class=\"li6\"><span class=\"s1\">Bet kada at\u0161aukti savo duot\u0105 sutikim\u0105 d\u0117l asmens duomen\u0173 tvarkymo pateik\u0117 prane\u0161im\u0105 el. pa\u0161tu info@stats4sport.com\u00a0 <\/span><\/li>\n<li class=\"li6\"><span class=\"s1\">Jeigu manote, kad \u012fmon\u0117s veiksmai ar neveikimas pa\u017eeid\u017eia J\u016bs\u0173 teises ar teis\u0117s akt\u0173 reikalavimus, j\u016bs turite teis\u0119 pateikti skund\u0105 Valstybinei duomen\u0173 apsaugos inspekcijai;<\/span><\/li>\n<\/ul>\n<p>&nbsp;<\/p>\n<p class=\"p5\"><span class=\"s1\">Siekdami \u012fgyvendinti savo teises (nurodytas auk\u0161\u010diau), turite \u012fmonei pateikti ra\u0161ytin\u012f pra\u0161ym\u0105 (tiesiogiai \u012fmon\u0117s darbuotojui, per atstov\u0105 ar elektronini\u0173 ry\u0161i\u0173 priemon\u0117mis (pasira\u0161ant elektroniniu para\u0161u)). Pra\u0161ymas turi b\u016bti pasira\u0161ytas, pra\u0161yme b\u016btina nurodyti: asmens vardas, pavard\u0117, gyvenamoji vieta, kontaktiniai duomenys ir informacija apie tai, koki\u0105 i\u0161 auk\u0161\u010diau nurodyt\u0173 teisi\u0173 ir kokia apimtimi J\u016bs pageidaujate \u012fgyvendinti.\u00a0<\/span><\/p>\n<p>&nbsp;<\/p>\n<p class=\"p5\"><span class=\"s1\">Pateikdamas pra\u0161ym\u0105, J\u016bs turite patvirtinti savo tapatyb\u0119:<\/span><\/p>\n<ul class=\"ul1\">\n<li class=\"li6\"><span class=\"s1\">Jei pra\u0161ymas \u012fteikiamas tiesiogiai atvykus \u012f \u012fmon\u0117s b\u016bstin\u0119 \u2013 pateikti asmens tapatyb\u0119 patvirtinant\u012f dokument\u0105 ar Lietuvos Respublikos teis\u0117s akt\u0173 nustatyt\u0105 tvarka patvirtint\u0105 kopij\u0105;<\/span><\/li>\n<li class=\"li6\"><span class=\"s1\">Jei pra\u0161ymas \u012fteikiamas per atstov\u0105- atstovas turi pateikti atstovavim\u0105 patvirtinant\u012f dokument\u0105;<\/span><\/li>\n<li class=\"li6\"><span class=\"s1\">Jei pra\u0161ymas pateikiamas elektronini\u0173 ry\u0161i\u0173 priemon\u0117mis \u2013 pra\u0161ymas turi b\u016bti pasira\u0161ytas elektroniniu para\u0161u.<\/span><\/li>\n<\/ul>\n<p>&nbsp;<\/p>\n<p class=\"p5\"><span class=\"s1\">Pra\u0161ymas i\u0161nagrin\u0117jamas ir atsakymas Jums pateikiamas ne v\u0117liau kaip per 30 kalendorini\u0173 dien\u0173 nuo pra\u0161ymo gavimo dienos.\u00a0<\/span><\/p>\n<p>&nbsp;<\/p>\n<h4 class=\"p5\"><span class=\"s1\"><b>J\u016bs\u0173 asmens duomen\u0173 tvarkytojai<\/b><\/span><\/h4>\n<p>&nbsp;<\/p>\n<p class=\"p5\"><span class=\"s1\">\u012emon\u0117 asmens duomen\u0173 tvarkymui sudaryt\u0173 bendradarbiavimo ir paslaug\u0173 teikimo sutar\u010di\u0173 pagrindu naudojasi \u0161i\u0173 duomen\u0173 tvarkytoj\u0173 paslaugomis:\u00a0<\/span><\/p>\n<ul class=\"ul1\">\n<li class=\"li10\"><span class=\"s5\">s\u0105skait\u0173 i\u0161ra\u0161ymui &#8211; programin\u0117 \u012franga<\/span><\/li>\n<li class=\"li10\"><span class=\"s5\"> klient\u0173 santyki\u0173 valdymui &#8211; programin\u0117 \u012franga<\/span><\/li>\n<li class=\"li10\"><span class=\"s5\"> naujienlai\u0161ki\u0173 siuntimui &#8211; programin\u0117 \u012franga<\/span><\/li>\n<li class=\"li10\"><span class=\"s5\"> klient\u0173 \u012fpro\u010di\u0173 analizei &#8211; programin\u0117 \u012franga<\/span><\/li>\n<li class=\"li10\"><span class=\"s5\"> internetini\u0173 u\u017esakym\u0173 administravimui &#8211; internetin\u0117 platforma<\/span><\/li>\n<li class=\"li10\"><span class=\"s5\"> Swedbank AB &#8211;\u00a0atsiskaitymas\u00a0u\u017e prekes\/paslaugas pavedimu<\/span><\/li>\n<li class=\"li10\"><span class=\"s5\">Braintree atsiskaitymas u\u017e prekes\/paslaugas mok\u0117jimo kortel\u0117mis internetu<\/span><\/li>\n<\/ul>\n<p>&nbsp;<\/p>\n<p class=\"p5\"><span class=\"s1\">\u012emon\u0117 asmens duomen\u0173 tvarkymui gali pasitelkti kitus paslaug\u0173 teik\u0117jus. \u012emon\u0117 siekia, kad paslaug\u0173 teik\u0117jai laikyt\u0173si Bendrojo duomen\u0173 apsaugos reglamento, \u012fstatym\u0173 bei kit\u0173 privalom\u0173 teis\u0117s akt\u0173 reikalavim\u0173.\u00a0<\/span><\/p>\n<p>&nbsp;<\/p>\n<h4 class=\"p5\"><span class=\"s1\"><b>Kam teikiami J\u016bs\u0173 asmens duomenis:<\/b><\/span><\/h4>\n<p>&nbsp;<\/p>\n<p class=\"p5\"><span class=\"s1\">\u012emon\u0117 asmens duomenis teikia arba gali teikti:<\/span><\/p>\n<ul class=\"ul1\">\n<li class=\"li6\"><span class=\"s1\">\u012emon\u0117ms teikian\u010dioms prane\u0161im\u0173 persiuntimo, tiesiogin\u0117s rinkodaros ir susijusias paslaugas;<\/span><\/li>\n<li class=\"li6\"><span class=\"s1\">Valstybin\u0117ms institucijoms teis\u0117s akt\u0173 nustatyta tvarka.\u00a0<\/span><\/li>\n<li class=\"li6\"><span class=\"s1\">Kitiems tretiesiems asmenims kiek tai susisij\u0119 su \u012fmon\u0117s teikiamomis paslaugomis.\u00a0<\/span><\/li>\n<\/ul>\n<p>&nbsp;<\/p>\n<p class=\"p5\"><span class=\"s1\">\u012emon\u0117 J\u016bs\u0173 asmens duomenis gauna tik tiesiogiai i\u0161 J\u016bs\u0173, kuriuos J\u016bs mums pateikiate kai kreipiat\u0117s d\u0117l \u012fmon\u0117s paslaug\u0173 ir jomis naudojat\u0117s, pildote registracijos anket\u0105, teikiate pra\u0161ymus ar pretenzijas. (taip pat kuriuos u\u017efiksuoja \u012fmon\u0117s interneto svetain\u0117je). I\u0161 kit\u0173 \u0161altini\u0173 \u012fmon\u0117 negauna J\u016bs\u0173 asmens duomen\u0173.\u00a0<\/span><\/p>\n<p>&nbsp;<\/p>\n<h4 class=\"p5\"><span class=\"s1\"><b>Kur kreiptis duomen\u0173 tvarkymo klausimais<\/b><\/span><\/h4>\n<p>&nbsp;<\/p>\n<p class=\"p5\"><span class=\"s1\">Duomen\u0173 tvarkymo klausimais galite kreiptis \u012f atsaking\u0105 \u012fmon\u0117s darbuotoj\u0105 \u0161iais kontaktais:<\/span><\/p>\n<p class=\"p5\"><span class=\"s1\">Tel.\u00a0+370 (618) 88992 , el.pa\u0161tu &#8211; info@stats4sport.com<\/span><\/p>\n","protected":false},"excerpt":{"rendered":"<p>Privatumo politika &nbsp; Asmens duomen\u0173 apsauga &nbsp; Stats4sport ApS filialas pagal Lietuvos Respublikos \u012fstatymus \u012fsteigta ir veikiantis filialas, juridinio asmens kodas 304086416, buvein\u0117s adresas Elbingo 55-1, Vilnius, tel. +37061888992, el.pa\u0161tas info@stats4sport.com, vykdydama savo veikl\u0105 tvarko klient\u0173 asmens duomenis ir yra tvarkom\u0173 asmens duomen\u0173 valdytojas. \u00a0 &nbsp; Tvarkomi J\u016bs\u0173 asmens duomenys: &nbsp; Norint tinkamai vykdyti \u012fsipareigojimus [&hellip;]<\/p>\n","protected":false},"author":1,"featured_media":0,"parent":0,"menu_order":0,"comment_status":"closed","ping_status":"closed","template":"","meta":{"_acf_changed":false,"_exactmetrics_skip_tracking":false,"_exactmetrics_sitenote_active":false,"_exactmetrics_sitenote_note":"","_exactmetrics_sitenote_category":0,"footnotes":""},"acf":[],"_links":{"self":[{"href":"https:\/\/stats4sport.com\/lt\/wp-json\/wp\/v2\/pages\/1409"}],"collection":[{"href":"https:\/\/stats4sport.com\/lt\/wp-json\/wp\/v2\/pages"}],"about":[{"href":"https:\/\/stats4sport.com\/lt\/wp-json\/wp\/v2\/types\/page"}],"author":[{"embeddable":true,"href":"https:\/\/stats4sport.com\/lt\/wp-json\/wp\/v2\/users\/1"}],"replies":[{"embeddable":true,"href":"https:\/\/stats4sport.com\/lt\/wp-json\/wp\/v2\/comments?post=1409"}],"version-history":[{"count":11,"href":"https:\/\/stats4sport.com\/lt\/wp-json\/wp\/v2\/pages\/1409\/revisions"}],"predecessor-version":[{"id":3836,"href":"https:\/\/stats4sport.com\/lt\/wp-json\/wp\/v2\/pages\/1409\/revisions\/3836"}],"wp:attachment":[{"href":"https:\/\/stats4sport.com\/lt\/wp-json\/wp\/v2\/media?parent=1409"}],"curies":[{"name":"wp","href":"https:\/\/api.w.org\/{rel}","templated":true}]}}