{"id":1429,"date":"2018-08-13T12:29:09","date_gmt":"2018-08-13T12:29:09","guid":{"rendered":"https:\/\/stats4sport.com\/remove-events\/"},"modified":"2020-06-30T20:31:41","modified_gmt":"2020-06-30T20:31:41","slug":"remove-events","status":"publish","type":"page","link":"https:\/\/stats4sport.com\/lt\/remove-events\/","title":{"rendered":"Kaip i\u0161trinti \u012fvyk\u012f?"},"content":{"rendered":"","protected":false},"excerpt":{"rendered":"","protected":false},"author":1,"featured_media":0,"parent":0,"menu_order":0,"comment_status":"closed","ping_status":"closed","template":"support.php","meta":{"_acf_changed":false,"_exactmetrics_skip_tracking":false,"_exactmetrics_sitenote_active":false,"_exactmetrics_sitenote_note":"","_exactmetrics_sitenote_category":0,"footnotes":""},"acf":[],"_links":{"self":[{"href":"https:\/\/stats4sport.com\/lt\/wp-json\/wp\/v2\/pages\/1429"}],"collection":[{"href":"https:\/\/stats4sport.com\/lt\/wp-json\/wp\/v2\/pages"}],"about":[{"href":"https:\/\/stats4sport.com\/lt\/wp-json\/wp\/v2\/types\/page"}],"author":[{"embeddable":true,"href":"https:\/\/stats4sport.com\/lt\/wp-json\/wp\/v2\/users\/1"}],"replies":[{"embeddable":true,"href":"https:\/\/stats4sport.com\/lt\/wp-json\/wp\/v2\/comments?post=1429"}],"version-history":[{"count":5,"href":"https:\/\/stats4sport.com\/lt\/wp-json\/wp\/v2\/pages\/1429\/revisions"}],"predecessor-version":[{"id":4516,"href":"https:\/\/stats4sport.com\/lt\/wp-json\/wp\/v2\/pages\/1429\/revisions\/4516"}],"wp:attachment":[{"href":"https:\/\/stats4sport.com\/lt\/wp-json\/wp\/v2\/media?parent=1429"}],"curies":[{"name":"wp","href":"https:\/\/api.w.org\/{rel}","templated":true}]}}