{"id":1557,"date":"2018-08-06T09:26:53","date_gmt":"2018-08-06T09:26:53","guid":{"rendered":"https:\/\/stats4sport.com\/testing\/"},"modified":"2019-05-28T12:50:00","modified_gmt":"2019-05-28T12:50:00","slug":"testing","status":"publish","type":"page","link":"https:\/\/stats4sport.com\/lt\/testing\/","title":{"rendered":"Testavimas"},"content":{"rendered":"<div class=\"featclearfix feat-content\">\n   <img decoding=\"async\" src=\"https:\/\/stats4sport.com\/wp-content\/uploads\/2018\/08\/Screen-Shot-2018-04-19-at-16.02.18_1-600x483.png\" alt=\"\" width=\"600px\"><\/p>\n<div class=\"feat-text\">\n<h3><strong><b>Progresas ar regresas  ?<\/b><\/strong><\/h3>\n<h4><strong><b>Sukurkite norimus testus ir sekite savo \u017eaid\u0117j\u0173 pasirodymus <\/b><\/strong><\/h4>\n<p>&nbsp;<\/p>\n<ul>\n<li>\u012eveskite kiek tik norite test\u0173<\/li>\n<li>Sekite savo sportinink\u0173 progres\u0105 arba regres\u0105<\/li>\n<li>Filtruokite geriausius savo \u017eaid\u0117j\u0173 rezultatus<\/li>\n<li>Nustatykite intervalus spalvomis tam, kad gautum\u0117te patogesn\u012f vaizd\u0105<\/li>\n<li>Per\u017ei\u016br\u0117kite visus duomenis grafikuose<\/li>\n<li>Dalinkit\u0117s komandos test\u0173 lentele<\/li>\n<li>Dalinkit\u0117s atskir\u0173 sportinink\u0173 profiliu su j\u0173 rezultatais<\/li>\n<li>Naudokite program\u0117l\u0119 \u012fvesti test\u0173 rezultatus dar esant treniruo\u010di\u0173 aik\u0161t\u0117je !<\/li>\n<\/ul>\n<\/div>\n<\/div>\n<p><br clear=\"all\"><\/p>\n","protected":false},"excerpt":{"rendered":"<p>Progresas ar regresas ? Sukurkite norimus testus ir sekite savo \u017eaid\u0117j\u0173 pasirodymus &nbsp; \u012eveskite kiek tik norite test\u0173 Sekite savo sportinink\u0173 progres\u0105 arba regres\u0105 Filtruokite geriausius savo \u017eaid\u0117j\u0173 rezultatus Nustatykite intervalus spalvomis tam, kad gautum\u0117te patogesn\u012f vaizd\u0105 Per\u017ei\u016br\u0117kite visus duomenis grafikuose Dalinkit\u0117s komandos test\u0173 lentele Dalinkit\u0117s atskir\u0173 sportinink\u0173 profiliu su j\u0173 rezultatais Naudokite program\u0117l\u0119 \u012fvesti [&hellip;]<\/p>\n","protected":false},"author":1,"featured_media":0,"parent":0,"menu_order":0,"comment_status":"closed","ping_status":"closed","template":"","meta":{"_acf_changed":false,"_exactmetrics_skip_tracking":false,"_exactmetrics_sitenote_active":false,"_exactmetrics_sitenote_note":"","_exactmetrics_sitenote_category":0,"footnotes":""},"acf":[],"_links":{"self":[{"href":"https:\/\/stats4sport.com\/lt\/wp-json\/wp\/v2\/pages\/1557"}],"collection":[{"href":"https:\/\/stats4sport.com\/lt\/wp-json\/wp\/v2\/pages"}],"about":[{"href":"https:\/\/stats4sport.com\/lt\/wp-json\/wp\/v2\/types\/page"}],"author":[{"embeddable":true,"href":"https:\/\/stats4sport.com\/lt\/wp-json\/wp\/v2\/users\/1"}],"replies":[{"embeddable":true,"href":"https:\/\/stats4sport.com\/lt\/wp-json\/wp\/v2\/comments?post=1557"}],"version-history":[{"count":5,"href":"https:\/\/stats4sport.com\/lt\/wp-json\/wp\/v2\/pages\/1557\/revisions"}],"predecessor-version":[{"id":3998,"href":"https:\/\/stats4sport.com\/lt\/wp-json\/wp\/v2\/pages\/1557\/revisions\/3998"}],"wp:attachment":[{"href":"https:\/\/stats4sport.com\/lt\/wp-json\/wp\/v2\/media?parent=1557"}],"curies":[{"name":"wp","href":"https:\/\/api.w.org\/{rel}","templated":true}]}}