{"id":1587,"date":"2018-08-13T14:31:17","date_gmt":"2018-08-13T14:31:17","guid":{"rendered":"https:\/\/stats4sport.com\/unhide-athlete\/"},"modified":"2020-07-01T09:29:03","modified_gmt":"2020-07-01T09:29:03","slug":"unhide-athlete","status":"publish","type":"page","link":"https:\/\/stats4sport.com\/lt\/unhide-athlete\/","title":{"rendered":"Kaip gr\u0105\u017einti sportinink\u0105 i\u0161 pasl\u0117pto s\u0105ra\u0161o?"},"content":{"rendered":"","protected":false},"excerpt":{"rendered":"","protected":false},"author":1,"featured_media":0,"parent":0,"menu_order":0,"comment_status":"closed","ping_status":"closed","template":"support.php","meta":{"_acf_changed":false,"_exactmetrics_skip_tracking":false,"_exactmetrics_sitenote_active":false,"_exactmetrics_sitenote_note":"","_exactmetrics_sitenote_category":0,"footnotes":""},"acf":[],"_links":{"self":[{"href":"https:\/\/stats4sport.com\/lt\/wp-json\/wp\/v2\/pages\/1587"}],"collection":[{"href":"https:\/\/stats4sport.com\/lt\/wp-json\/wp\/v2\/pages"}],"about":[{"href":"https:\/\/stats4sport.com\/lt\/wp-json\/wp\/v2\/types\/page"}],"author":[{"embeddable":true,"href":"https:\/\/stats4sport.com\/lt\/wp-json\/wp\/v2\/users\/1"}],"replies":[{"embeddable":true,"href":"https:\/\/stats4sport.com\/lt\/wp-json\/wp\/v2\/comments?post=1587"}],"version-history":[{"count":5,"href":"https:\/\/stats4sport.com\/lt\/wp-json\/wp\/v2\/pages\/1587\/revisions"}],"predecessor-version":[{"id":4585,"href":"https:\/\/stats4sport.com\/lt\/wp-json\/wp\/v2\/pages\/1587\/revisions\/4585"}],"wp:attachment":[{"href":"https:\/\/stats4sport.com\/lt\/wp-json\/wp\/v2\/media?parent=1587"}],"curies":[{"name":"wp","href":"https:\/\/api.w.org\/{rel}","templated":true}]}}