{"id":1616,"date":"2018-08-06T09:36:33","date_gmt":"2018-08-06T09:36:33","guid":{"rendered":"https:\/\/stats4sport.com\/video-analysis\/"},"modified":"2019-05-28T12:54:20","modified_gmt":"2019-05-28T12:54:20","slug":"video-analysis","status":"publish","type":"page","link":"https:\/\/stats4sport.com\/lt\/video-analysis\/","title":{"rendered":"Video analiz\u0117"},"content":{"rendered":"<div class=\"featclearfix feat-content\">\n   <img decoding=\"async\" src=\"https:\/\/stats4sport.com\/wp-content\/uploads\/2018\/08\/Soccer-video-600x375.png\" alt=\"\" width=\"600px\"><\/p>\n<div class=\"feat-text\">\n<h2>Apie 70% informacijos i\u0161 rungtyni\u0173 yra prarandama !<\/h2>\n<h4><strong>Mokykite, per\u017ei\u016br\u0117kite bei analizuokite video moderniu ir lengvu b\u016bdu <\/strong><\/h4>\n<\/div>\n<\/div>\n<p><br clear=\"all\"><\/p>\n<div class=\"featclearfix feat-content\">\n   <img decoding=\"async\" src=\"https:\/\/stats4sport.com\/wp-content\/uploads\/2018\/08\/Basketball-video-600x375.png\" alt=\"\" width=\"600px\"><\/p>\n<div  class=\"feat-text\">\n<ul>\n<li>\nMatykite didesn\u012f vaizd\u0105\n<\/li>\n<li>\nSuraskite svarbiausius momentus\n<\/li>\n<li>\nSusikurkite savo paties \u017eym\u0117jimus\n<\/li>\n<li>\nPasiekite savo video bet kur ir bet kada\n<\/li>\n<\/ul>\n<\/div>\n<\/div>\n<p><br clear=\"all\"><\/p>\n<div class=\"featclearfix feat-content\">\n   <img decoding=\"async\" src=\"https:\/\/stats4sport.com\/wp-content\/uploads\/2018\/08\/Playlist-video-600x375.png\" alt=\"\" width=\"600px\"><\/p>\n<div  class=\"feat-text\">\n<ul>\n<li>Susikurkite savo paties grojara\u0161t\u012f<\/li>\n<li>Pie\u0161kite bei \u017eym\u0117kite komentarus ant video<\/li>\n<li>Naudokite pagreitinimo bei sul\u0117tinimo funkcij\u0105<\/li>\n<li>Duokite atgalin\u012f ry\u0161\u012f sportininkams<\/li>\n<\/ul>\n<\/div>\n<\/div>\n<p><br clear=\"all\"><\/p>\n<div class=\"featclearfix feat-content\">\n   <img decoding=\"async\" src=\"https:\/\/stats4sport.com\/wp-content\/uploads\/2018\/08\/video-matrix_0.png\" alt=\"\" width=\"600px\"><\/p>\n<div class=\"feat-text\">\n<ul>\n<li>Analizuokite savo statistik\u0105<\/li>\n<li>Eksportuokite savo video failus<\/li>\n<li>Dalinkit\u0117s savo video momentaisy<\/li>\n<\/ul>\n<\/div>\n<\/div>\n<p><br clear=\"all\"><\/p>\n","protected":false},"excerpt":{"rendered":"<p>Apie 70% informacijos i\u0161 rungtyni\u0173 yra prarandama ! Mokykite, per\u017ei\u016br\u0117kite bei analizuokite video moderniu ir lengvu b\u016bdu Matykite didesn\u012f vaizd\u0105 Suraskite svarbiausius momentus Susikurkite savo paties \u017eym\u0117jimus Pasiekite savo video bet kur ir bet kada Susikurkite savo paties grojara\u0161t\u012f Pie\u0161kite bei \u017eym\u0117kite komentarus ant video Naudokite pagreitinimo bei sul\u0117tinimo funkcij\u0105 Duokite atgalin\u012f ry\u0161\u012f sportininkams Analizuokite [&hellip;]<\/p>\n","protected":false},"author":1,"featured_media":0,"parent":0,"menu_order":0,"comment_status":"closed","ping_status":"closed","template":"","meta":{"_acf_changed":false,"_exactmetrics_skip_tracking":false,"_exactmetrics_sitenote_active":false,"_exactmetrics_sitenote_note":"","_exactmetrics_sitenote_category":0,"footnotes":""},"acf":[],"_links":{"self":[{"href":"https:\/\/stats4sport.com\/lt\/wp-json\/wp\/v2\/pages\/1616"}],"collection":[{"href":"https:\/\/stats4sport.com\/lt\/wp-json\/wp\/v2\/pages"}],"about":[{"href":"https:\/\/stats4sport.com\/lt\/wp-json\/wp\/v2\/types\/page"}],"author":[{"embeddable":true,"href":"https:\/\/stats4sport.com\/lt\/wp-json\/wp\/v2\/users\/1"}],"replies":[{"embeddable":true,"href":"https:\/\/stats4sport.com\/lt\/wp-json\/wp\/v2\/comments?post=1616"}],"version-history":[{"count":8,"href":"https:\/\/stats4sport.com\/lt\/wp-json\/wp\/v2\/pages\/1616\/revisions"}],"predecessor-version":[{"id":4001,"href":"https:\/\/stats4sport.com\/lt\/wp-json\/wp\/v2\/pages\/1616\/revisions\/4001"}],"wp:attachment":[{"href":"https:\/\/stats4sport.com\/lt\/wp-json\/wp\/v2\/media?parent=1616"}],"curies":[{"name":"wp","href":"https:\/\/api.w.org\/{rel}","templated":true}]}}