{"id":1622,"date":"2018-08-13T14:18:05","date_gmt":"2018-08-13T14:18:05","guid":{"rendered":"https:\/\/stats4sport.com\/video-upload\/"},"modified":"2020-06-30T20:13:32","modified_gmt":"2020-06-30T20:13:32","slug":"video-upload","status":"publish","type":"page","link":"https:\/\/stats4sport.com\/lt\/video-upload\/","title":{"rendered":"Kaip \u012fkelti vaizdo \u012fra\u0161\u0105?"},"content":{"rendered":"","protected":false},"excerpt":{"rendered":"","protected":false},"author":1,"featured_media":0,"parent":0,"menu_order":0,"comment_status":"closed","ping_status":"closed","template":"support.php","meta":{"_acf_changed":false,"_exactmetrics_skip_tracking":false,"_exactmetrics_sitenote_active":false,"_exactmetrics_sitenote_note":"","_exactmetrics_sitenote_category":0,"footnotes":""},"acf":[],"_links":{"self":[{"href":"https:\/\/stats4sport.com\/lt\/wp-json\/wp\/v2\/pages\/1622"}],"collection":[{"href":"https:\/\/stats4sport.com\/lt\/wp-json\/wp\/v2\/pages"}],"about":[{"href":"https:\/\/stats4sport.com\/lt\/wp-json\/wp\/v2\/types\/page"}],"author":[{"embeddable":true,"href":"https:\/\/stats4sport.com\/lt\/wp-json\/wp\/v2\/users\/1"}],"replies":[{"embeddable":true,"href":"https:\/\/stats4sport.com\/lt\/wp-json\/wp\/v2\/comments?post=1622"}],"version-history":[{"count":7,"href":"https:\/\/stats4sport.com\/lt\/wp-json\/wp\/v2\/pages\/1622\/revisions"}],"predecessor-version":[{"id":4485,"href":"https:\/\/stats4sport.com\/lt\/wp-json\/wp\/v2\/pages\/1622\/revisions\/4485"}],"wp:attachment":[{"href":"https:\/\/stats4sport.com\/lt\/wp-json\/wp\/v2\/media?parent=1622"}],"curies":[{"name":"wp","href":"https:\/\/api.w.org\/{rel}","templated":true}]}}