{"id":1632,"date":"2018-08-13T14:21:33","date_gmt":"2018-08-13T14:21:33","guid":{"rendered":"https:\/\/stats4sport.com\/watch-video\/"},"modified":"2020-06-26T22:01:10","modified_gmt":"2020-06-26T22:01:10","slug":"watch-video","status":"publish","type":"page","link":"https:\/\/stats4sport.com\/lt\/watch-video\/","title":{"rendered":"Kaip \u017ei\u016br\u0117ti vaizdo \u012fra\u0161us?"},"content":{"rendered":"","protected":false},"excerpt":{"rendered":"","protected":false},"author":1,"featured_media":0,"parent":0,"menu_order":0,"comment_status":"closed","ping_status":"closed","template":"support.php","meta":{"_acf_changed":false,"_exactmetrics_skip_tracking":false,"_exactmetrics_sitenote_active":false,"_exactmetrics_sitenote_note":"","_exactmetrics_sitenote_category":0,"footnotes":""},"acf":[],"_links":{"self":[{"href":"https:\/\/stats4sport.com\/lt\/wp-json\/wp\/v2\/pages\/1632"}],"collection":[{"href":"https:\/\/stats4sport.com\/lt\/wp-json\/wp\/v2\/pages"}],"about":[{"href":"https:\/\/stats4sport.com\/lt\/wp-json\/wp\/v2\/types\/page"}],"author":[{"embeddable":true,"href":"https:\/\/stats4sport.com\/lt\/wp-json\/wp\/v2\/users\/1"}],"replies":[{"embeddable":true,"href":"https:\/\/stats4sport.com\/lt\/wp-json\/wp\/v2\/comments?post=1632"}],"version-history":[{"count":5,"href":"https:\/\/stats4sport.com\/lt\/wp-json\/wp\/v2\/pages\/1632\/revisions"}],"predecessor-version":[{"id":4375,"href":"https:\/\/stats4sport.com\/lt\/wp-json\/wp\/v2\/pages\/1632\/revisions\/4375"}],"wp:attachment":[{"href":"https:\/\/stats4sport.com\/lt\/wp-json\/wp\/v2\/media?parent=1632"}],"curies":[{"name":"wp","href":"https:\/\/api.w.org\/{rel}","templated":true}]}}