{"id":3849,"date":"2019-04-25T10:19:53","date_gmt":"2019-04-25T10:19:53","guid":{"rendered":"https:\/\/stats4sport.com\/payments\/"},"modified":"2019-05-28T12:45:49","modified_gmt":"2019-05-28T12:45:49","slug":"mokejimai","status":"publish","type":"page","link":"https:\/\/stats4sport.com\/lt\/mokejimai\/","title":{"rendered":"Mok\u0117jimai"},"content":{"rendered":"<div class=\"featclearfix feat-content\">\n   <img decoding=\"async\" src=\"https:\/\/stats4sport.com\/wp-content\/uploads\/2019\/04\/Screenshot-2019-04-25-at-13.09.31-1-1200x702.png\" alt=\"\" width=\"600px\"><\/p>\n<div class=\"feat-text\">\n<h2 class=\"p1\"><strong><span class=\"s1\">Automatizuotas mok\u0117jim\u0173 administravimas<\/span><\/strong><\/h2>\n<h3 class=\"p1\"><strong><span class=\"s1\">Sutaupykite laiko:<\/span><\/strong><\/h3>\n<ul>\n<li class=\"li1\"><span class=\"s1\">Sistema automati\u0161kai si\u0173s priminimus apie mok\u0117jimus visiems j\u016bs\u0173 kontaktams<\/span><\/li>\n<li class=\"li1\"><span class=\"s1\">Sistame automati\u0161kai sukurs mok\u0117jimus pagal j\u016bs\u0173 nustatymus<\/span><\/li>\n<li class=\"li1\"><span class=\"s1\">Importuokite savo banko i\u0161ra\u0161\u0105 ir sistema pati atpa\u017einus mok\u0117jimus juos sudengs<\/span><\/li>\n<li class=\"li1\"><span class=\"s1\">Atsidarykite PayPal business ir suteikite savo klientams galimyb\u0119 atsiskaityti u\u017e paslaugas debetin\u0117mis arba kreditin\u0117mis kortel\u0117mis<\/span><\/li>\n<\/ul>\n<\/div>\n<\/div>\n<p><br clear=\"all\"><\/p>\n<div class=\"featclearfix feat-content\">\n   <img decoding=\"async\" src=\"https:\/\/stats4sport.com\/wp-content\/uploads\/2019\/04\/Screenshot-2019-04-25-at-13.10.01-1-1200x703.png\" alt=\"\" width=\"600px\"><\/p>\n<div class=\"feat-text\">\n<h3 class=\"p1\"><strong><span class=\"s1\">Finansinis balansas realiu laiko:<\/span><\/strong><\/h3>\n<ul class=\"ul1\">\n<li class=\"li2\"><span class=\"s3\">Visada matysite bendr\u0105 viso klubo arba komandos balans\u0105<\/span><\/li>\n<li class=\"li2\"><span class=\"s3\">Galimyb\u0117 matyti koamndos arba grup\u0117s balans\u0105 atskirai<\/span><\/li>\n<li class=\"li3\"><span class=\"s1\"><span class=\"s1\">Taip pat gal\u0117site sekti kiekvieno atleto <\/span><\/span>j\u016bs\u0173 paskiroje \u012fsiskolinim\u0105 atskirai<\/li>\n<\/ul>\n<\/div>\n<\/div>\n<p><br clear=\"all\"><\/p>\n<div class=\"featclearfix feat-content\">\n   <img decoding=\"async\" src=\"https:\/\/stats4sport.com\/wp-content\/uploads\/2019\/04\/Screenshot-2019-04-25-at-13.11.36-1-1200x704.png\" alt=\"\" width=\"600px\"><\/p>\n<div class=\"feat-text\">\n<h3 class=\"p1\"><strong><span class=\"s1\">Atleto profilis:<\/span><\/strong><\/h3>\n<ul>\n<li class=\"li1\"><span class=\"s2\">Galymyb\u0117 sekti mok\u0117jim\u0173 istorij\u0105 mobilioje aplikacijoje (Android\/iOS)<\/span><\/li>\n<li class=\"li1\"><span class=\"s2\">Realiu laiku atnaujinama sukurt\u0173 mok\u0117jim\u0173 istorija pagal nusistatyt\u0105 laikotarp\u012f<\/span><\/li>\n<li class=\"li1\"><span class=\"s2\">Vis\u0173 apmok\u0117t\u0173 mok\u0117jim\u0173 istorija pagal pasirinkt\u0105 laikotarp\u012f<\/span><\/li>\n<\/ul>\n<\/div>\n<\/div>\n<p><br clear=\"all\"><\/p>\n","protected":false},"excerpt":{"rendered":"<p>Automatizuotas mok\u0117jim\u0173 administravimas Sutaupykite laiko: Sistema automati\u0161kai si\u0173s priminimus apie mok\u0117jimus visiems j\u016bs\u0173 kontaktams Sistame automati\u0161kai sukurs mok\u0117jimus pagal j\u016bs\u0173 nustatymus Importuokite savo banko i\u0161ra\u0161\u0105 ir sistema pati atpa\u017einus mok\u0117jimus juos sudengs Atsidarykite PayPal business ir suteikite savo klientams galimyb\u0119 atsiskaityti u\u017e paslaugas debetin\u0117mis arba kreditin\u0117mis kortel\u0117mis Finansinis balansas realiu laiko: Visada matysite bendr\u0105 viso [&hellip;]<\/p>\n","protected":false},"author":1,"featured_media":0,"parent":0,"menu_order":0,"comment_status":"closed","ping_status":"closed","template":"","meta":{"_acf_changed":false,"_exactmetrics_skip_tracking":false,"_exactmetrics_sitenote_active":false,"_exactmetrics_sitenote_note":"","_exactmetrics_sitenote_category":0,"footnotes":""},"acf":[],"_links":{"self":[{"href":"https:\/\/stats4sport.com\/lt\/wp-json\/wp\/v2\/pages\/3849"}],"collection":[{"href":"https:\/\/stats4sport.com\/lt\/wp-json\/wp\/v2\/pages"}],"about":[{"href":"https:\/\/stats4sport.com\/lt\/wp-json\/wp\/v2\/types\/page"}],"author":[{"embeddable":true,"href":"https:\/\/stats4sport.com\/lt\/wp-json\/wp\/v2\/users\/1"}],"replies":[{"embeddable":true,"href":"https:\/\/stats4sport.com\/lt\/wp-json\/wp\/v2\/comments?post=3849"}],"version-history":[{"count":11,"href":"https:\/\/stats4sport.com\/lt\/wp-json\/wp\/v2\/pages\/3849\/revisions"}],"predecessor-version":[{"id":3994,"href":"https:\/\/stats4sport.com\/lt\/wp-json\/wp\/v2\/pages\/3849\/revisions\/3994"}],"wp:attachment":[{"href":"https:\/\/stats4sport.com\/lt\/wp-json\/wp\/v2\/media?parent=3849"}],"curies":[{"name":"wp","href":"https:\/\/api.w.org\/{rel}","templated":true}]}}