{"id":4207,"date":"2020-06-16T20:42:55","date_gmt":"2020-06-16T20:42:55","guid":{"rendered":"https:\/\/stats4sport.com\/?page_id=4207"},"modified":"2020-06-28T21:52:48","modified_gmt":"2020-06-28T21:52:48","slug":"kaip-parsisiusti-mokesciu-csv","status":"publish","type":"page","link":"https:\/\/stats4sport.com\/lt\/kaip-parsisiusti-mokesciu-csv\/","title":{"rendered":"Kaip parsisi\u0173sti mokes\u010di\u0173 CSV?"},"content":{"rendered":"","protected":false},"excerpt":{"rendered":"","protected":false},"author":1,"featured_media":0,"parent":0,"menu_order":0,"comment_status":"closed","ping_status":"closed","template":"support.php","meta":{"_acf_changed":false,"_exactmetrics_skip_tracking":false,"_exactmetrics_sitenote_active":false,"_exactmetrics_sitenote_note":"","_exactmetrics_sitenote_category":0,"footnotes":""},"acf":[],"_links":{"self":[{"href":"https:\/\/stats4sport.com\/lt\/wp-json\/wp\/v2\/pages\/4207"}],"collection":[{"href":"https:\/\/stats4sport.com\/lt\/wp-json\/wp\/v2\/pages"}],"about":[{"href":"https:\/\/stats4sport.com\/lt\/wp-json\/wp\/v2\/types\/page"}],"author":[{"embeddable":true,"href":"https:\/\/stats4sport.com\/lt\/wp-json\/wp\/v2\/users\/1"}],"replies":[{"embeddable":true,"href":"https:\/\/stats4sport.com\/lt\/wp-json\/wp\/v2\/comments?post=4207"}],"version-history":[{"count":2,"href":"https:\/\/stats4sport.com\/lt\/wp-json\/wp\/v2\/pages\/4207\/revisions"}],"predecessor-version":[{"id":4430,"href":"https:\/\/stats4sport.com\/lt\/wp-json\/wp\/v2\/pages\/4207\/revisions\/4430"}],"wp:attachment":[{"href":"https:\/\/stats4sport.com\/lt\/wp-json\/wp\/v2\/media?parent=4207"}],"curies":[{"name":"wp","href":"https:\/\/api.w.org\/{rel}","templated":true}]}}