{"id":4221,"date":"2020-06-16T20:47:12","date_gmt":"2020-06-16T20:47:12","guid":{"rendered":"https:\/\/stats4sport.com\/?page_id=4221"},"modified":"2020-06-28T22:02:32","modified_gmt":"2020-06-28T22:02:32","slug":"kaip-parsisiusti-mokejimu-csv","status":"publish","type":"page","link":"https:\/\/stats4sport.com\/lt\/kaip-parsisiusti-mokejimu-csv\/","title":{"rendered":"Kaip parsisi\u0173sti mok\u0117jim\u0173 CSV?"},"content":{"rendered":"","protected":false},"excerpt":{"rendered":"","protected":false},"author":1,"featured_media":0,"parent":0,"menu_order":0,"comment_status":"closed","ping_status":"closed","template":"support.php","meta":{"_acf_changed":false,"_exactmetrics_skip_tracking":false,"_exactmetrics_sitenote_active":false,"_exactmetrics_sitenote_note":"","_exactmetrics_sitenote_category":0,"footnotes":""},"acf":[],"_links":{"self":[{"href":"https:\/\/stats4sport.com\/lt\/wp-json\/wp\/v2\/pages\/4221"}],"collection":[{"href":"https:\/\/stats4sport.com\/lt\/wp-json\/wp\/v2\/pages"}],"about":[{"href":"https:\/\/stats4sport.com\/lt\/wp-json\/wp\/v2\/types\/page"}],"author":[{"embeddable":true,"href":"https:\/\/stats4sport.com\/lt\/wp-json\/wp\/v2\/users\/1"}],"replies":[{"embeddable":true,"href":"https:\/\/stats4sport.com\/lt\/wp-json\/wp\/v2\/comments?post=4221"}],"version-history":[{"count":2,"href":"https:\/\/stats4sport.com\/lt\/wp-json\/wp\/v2\/pages\/4221\/revisions"}],"predecessor-version":[{"id":4437,"href":"https:\/\/stats4sport.com\/lt\/wp-json\/wp\/v2\/pages\/4221\/revisions\/4437"}],"wp:attachment":[{"href":"https:\/\/stats4sport.com\/lt\/wp-json\/wp\/v2\/media?parent=4221"}],"curies":[{"name":"wp","href":"https:\/\/api.w.org\/{rel}","templated":true}]}}