{"id":4225,"date":"2020-06-16T20:47:59","date_gmt":"2020-06-16T20:47:59","guid":{"rendered":"https:\/\/stats4sport.com\/?page_id=4225"},"modified":"2020-06-28T22:05:45","modified_gmt":"2020-06-28T22:05:45","slug":"kaip-importuoti-mokejimu-faila","status":"publish","type":"page","link":"https:\/\/stats4sport.com\/lt\/kaip-importuoti-mokejimu-faila\/","title":{"rendered":"Kaip importuoti mok\u0117jim\u0173 fail\u0105?"},"content":{"rendered":"","protected":false},"excerpt":{"rendered":"","protected":false},"author":1,"featured_media":0,"parent":0,"menu_order":0,"comment_status":"closed","ping_status":"closed","template":"support.php","meta":{"_acf_changed":false,"_exactmetrics_skip_tracking":false,"_exactmetrics_sitenote_active":false,"_exactmetrics_sitenote_note":"","_exactmetrics_sitenote_category":0,"footnotes":""},"acf":[],"_links":{"self":[{"href":"https:\/\/stats4sport.com\/lt\/wp-json\/wp\/v2\/pages\/4225"}],"collection":[{"href":"https:\/\/stats4sport.com\/lt\/wp-json\/wp\/v2\/pages"}],"about":[{"href":"https:\/\/stats4sport.com\/lt\/wp-json\/wp\/v2\/types\/page"}],"author":[{"embeddable":true,"href":"https:\/\/stats4sport.com\/lt\/wp-json\/wp\/v2\/users\/1"}],"replies":[{"embeddable":true,"href":"https:\/\/stats4sport.com\/lt\/wp-json\/wp\/v2\/comments?post=4225"}],"version-history":[{"count":2,"href":"https:\/\/stats4sport.com\/lt\/wp-json\/wp\/v2\/pages\/4225\/revisions"}],"predecessor-version":[{"id":4439,"href":"https:\/\/stats4sport.com\/lt\/wp-json\/wp\/v2\/pages\/4225\/revisions\/4439"}],"wp:attachment":[{"href":"https:\/\/stats4sport.com\/lt\/wp-json\/wp\/v2\/media?parent=4225"}],"curies":[{"name":"wp","href":"https:\/\/api.w.org\/{rel}","templated":true}]}}