{"id":4287,"date":"2020-06-16T21:18:57","date_gmt":"2020-06-16T21:18:57","guid":{"rendered":"https:\/\/stats4sport.com\/?page_id=4287"},"modified":"2020-06-27T19:40:27","modified_gmt":"2020-06-27T19:40:27","slug":"kaip-parsisiusti-treniruotes-plana-pdf-format","status":"publish","type":"page","link":"https:\/\/stats4sport.com\/lt\/kaip-parsisiusti-treniruotes-plana-pdf-format\/","title":{"rendered":"Kaip parsisi\u0173sti treniruot\u0117s plan\u0105 PDF format?"},"content":{"rendered":"","protected":false},"excerpt":{"rendered":"","protected":false},"author":1,"featured_media":0,"parent":0,"menu_order":0,"comment_status":"closed","ping_status":"closed","template":"support.php","meta":{"_acf_changed":false,"_exactmetrics_skip_tracking":false,"_exactmetrics_sitenote_active":false,"_exactmetrics_sitenote_note":"","_exactmetrics_sitenote_category":0,"footnotes":""},"acf":[],"_links":{"self":[{"href":"https:\/\/stats4sport.com\/lt\/wp-json\/wp\/v2\/pages\/4287"}],"collection":[{"href":"https:\/\/stats4sport.com\/lt\/wp-json\/wp\/v2\/pages"}],"about":[{"href":"https:\/\/stats4sport.com\/lt\/wp-json\/wp\/v2\/types\/page"}],"author":[{"embeddable":true,"href":"https:\/\/stats4sport.com\/lt\/wp-json\/wp\/v2\/users\/1"}],"replies":[{"embeddable":true,"href":"https:\/\/stats4sport.com\/lt\/wp-json\/wp\/v2\/comments?post=4287"}],"version-history":[{"count":2,"href":"https:\/\/stats4sport.com\/lt\/wp-json\/wp\/v2\/pages\/4287\/revisions"}],"predecessor-version":[{"id":4398,"href":"https:\/\/stats4sport.com\/lt\/wp-json\/wp\/v2\/pages\/4287\/revisions\/4398"}],"wp:attachment":[{"href":"https:\/\/stats4sport.com\/lt\/wp-json\/wp\/v2\/media?parent=4287"}],"curies":[{"name":"wp","href":"https:\/\/api.w.org\/{rel}","templated":true}]}}