{"id":4291,"date":"2020-06-16T21:20:21","date_gmt":"2020-06-16T21:20:21","guid":{"rendered":"https:\/\/stats4sport.com\/?page_id=4291"},"modified":"2020-06-27T19:44:01","modified_gmt":"2020-06-27T19:44:01","slug":"kaip-istrinti-treniruotes-plana","status":"publish","type":"page","link":"https:\/\/stats4sport.com\/lt\/kaip-istrinti-treniruotes-plana\/","title":{"rendered":"Kaip i\u0161trinti treniruot\u0117s plan\u0105?"},"content":{"rendered":"","protected":false},"excerpt":{"rendered":"","protected":false},"author":1,"featured_media":0,"parent":0,"menu_order":0,"comment_status":"closed","ping_status":"closed","template":"support.php","meta":{"_acf_changed":false,"_exactmetrics_skip_tracking":false,"_exactmetrics_sitenote_active":false,"_exactmetrics_sitenote_note":"","_exactmetrics_sitenote_category":0,"footnotes":""},"acf":[],"_links":{"self":[{"href":"https:\/\/stats4sport.com\/lt\/wp-json\/wp\/v2\/pages\/4291"}],"collection":[{"href":"https:\/\/stats4sport.com\/lt\/wp-json\/wp\/v2\/pages"}],"about":[{"href":"https:\/\/stats4sport.com\/lt\/wp-json\/wp\/v2\/types\/page"}],"author":[{"embeddable":true,"href":"https:\/\/stats4sport.com\/lt\/wp-json\/wp\/v2\/users\/1"}],"replies":[{"embeddable":true,"href":"https:\/\/stats4sport.com\/lt\/wp-json\/wp\/v2\/comments?post=4291"}],"version-history":[{"count":2,"href":"https:\/\/stats4sport.com\/lt\/wp-json\/wp\/v2\/pages\/4291\/revisions"}],"predecessor-version":[{"id":4400,"href":"https:\/\/stats4sport.com\/lt\/wp-json\/wp\/v2\/pages\/4291\/revisions\/4400"}],"wp:attachment":[{"href":"https:\/\/stats4sport.com\/lt\/wp-json\/wp\/v2\/media?parent=4291"}],"curies":[{"name":"wp","href":"https:\/\/api.w.org\/{rel}","templated":true}]}}