{"id":4302,"date":"2020-06-18T19:52:24","date_gmt":"2020-06-18T19:52:24","guid":{"rendered":"https:\/\/stats4sport.com\/?page_id=4302"},"modified":"2020-06-26T22:04:53","modified_gmt":"2020-06-26T22:04:53","slug":"kaip-rasyti-komentarus-vaizdo-irase","status":"publish","type":"page","link":"https:\/\/stats4sport.com\/lt\/kaip-rasyti-komentarus-vaizdo-irase\/","title":{"rendered":"Kaip ra\u0161yti komentarus vaizdo \u012fra\u0161e?"},"content":{"rendered":"","protected":false},"excerpt":{"rendered":"","protected":false},"author":1,"featured_media":0,"parent":0,"menu_order":0,"comment_status":"closed","ping_status":"closed","template":"support.php","meta":{"_acf_changed":false,"_exactmetrics_skip_tracking":false,"_exactmetrics_sitenote_active":false,"_exactmetrics_sitenote_note":"","_exactmetrics_sitenote_category":0,"footnotes":""},"acf":[],"_links":{"self":[{"href":"https:\/\/stats4sport.com\/lt\/wp-json\/wp\/v2\/pages\/4302"}],"collection":[{"href":"https:\/\/stats4sport.com\/lt\/wp-json\/wp\/v2\/pages"}],"about":[{"href":"https:\/\/stats4sport.com\/lt\/wp-json\/wp\/v2\/types\/page"}],"author":[{"embeddable":true,"href":"https:\/\/stats4sport.com\/lt\/wp-json\/wp\/v2\/users\/1"}],"replies":[{"embeddable":true,"href":"https:\/\/stats4sport.com\/lt\/wp-json\/wp\/v2\/comments?post=4302"}],"version-history":[{"count":3,"href":"https:\/\/stats4sport.com\/lt\/wp-json\/wp\/v2\/pages\/4302\/revisions"}],"predecessor-version":[{"id":4379,"href":"https:\/\/stats4sport.com\/lt\/wp-json\/wp\/v2\/pages\/4302\/revisions\/4379"}],"wp:attachment":[{"href":"https:\/\/stats4sport.com\/lt\/wp-json\/wp\/v2\/media?parent=4302"}],"curies":[{"name":"wp","href":"https:\/\/api.w.org\/{rel}","templated":true}]}}