{"id":4312,"date":"2020-06-18T19:54:34","date_gmt":"2020-06-18T19:54:34","guid":{"rendered":"https:\/\/stats4sport.com\/?page_id=4312"},"modified":"2020-06-26T22:11:42","modified_gmt":"2020-06-26T22:11:42","slug":"kaip-pasidalinti-vaizdo-irasu-sarasu","status":"publish","type":"page","link":"https:\/\/stats4sport.com\/lt\/kaip-pasidalinti-vaizdo-irasu-sarasu\/","title":{"rendered":"Kaip pasidalinti vaizdo \u012fra\u0161\u0173 s\u0105ra\u0161u?"},"content":{"rendered":"","protected":false},"excerpt":{"rendered":"","protected":false},"author":1,"featured_media":0,"parent":0,"menu_order":0,"comment_status":"closed","ping_status":"closed","template":"support.php","meta":{"_acf_changed":false,"_exactmetrics_skip_tracking":false,"_exactmetrics_sitenote_active":false,"_exactmetrics_sitenote_note":"","_exactmetrics_sitenote_category":0,"footnotes":""},"acf":[],"_links":{"self":[{"href":"https:\/\/stats4sport.com\/lt\/wp-json\/wp\/v2\/pages\/4312"}],"collection":[{"href":"https:\/\/stats4sport.com\/lt\/wp-json\/wp\/v2\/pages"}],"about":[{"href":"https:\/\/stats4sport.com\/lt\/wp-json\/wp\/v2\/types\/page"}],"author":[{"embeddable":true,"href":"https:\/\/stats4sport.com\/lt\/wp-json\/wp\/v2\/users\/1"}],"replies":[{"embeddable":true,"href":"https:\/\/stats4sport.com\/lt\/wp-json\/wp\/v2\/comments?post=4312"}],"version-history":[{"count":3,"href":"https:\/\/stats4sport.com\/lt\/wp-json\/wp\/v2\/pages\/4312\/revisions"}],"predecessor-version":[{"id":4384,"href":"https:\/\/stats4sport.com\/lt\/wp-json\/wp\/v2\/pages\/4312\/revisions\/4384"}],"wp:attachment":[{"href":"https:\/\/stats4sport.com\/lt\/wp-json\/wp\/v2\/media?parent=4312"}],"curies":[{"name":"wp","href":"https:\/\/api.w.org\/{rel}","templated":true}]}}