{"id":4315,"date":"2020-06-18T19:56:35","date_gmt":"2020-06-18T19:56:35","guid":{"rendered":"https:\/\/stats4sport.com\/?page_id=4315"},"modified":"2020-06-26T22:13:54","modified_gmt":"2020-06-26T22:13:54","slug":"kaip-eksportuoti-vaizdo-irasu-sarasa","status":"publish","type":"page","link":"https:\/\/stats4sport.com\/lt\/kaip-eksportuoti-vaizdo-irasu-sarasa\/","title":{"rendered":"Kaip eksportuoti vaizdo \u012fra\u0161\u0173 s\u0105ra\u0161\u0105?"},"content":{"rendered":"","protected":false},"excerpt":{"rendered":"","protected":false},"author":1,"featured_media":0,"parent":0,"menu_order":0,"comment_status":"closed","ping_status":"closed","template":"support.php","meta":{"_acf_changed":false,"_exactmetrics_skip_tracking":false,"_exactmetrics_sitenote_active":false,"_exactmetrics_sitenote_note":"","_exactmetrics_sitenote_category":0,"footnotes":""},"acf":[],"_links":{"self":[{"href":"https:\/\/stats4sport.com\/lt\/wp-json\/wp\/v2\/pages\/4315"}],"collection":[{"href":"https:\/\/stats4sport.com\/lt\/wp-json\/wp\/v2\/pages"}],"about":[{"href":"https:\/\/stats4sport.com\/lt\/wp-json\/wp\/v2\/types\/page"}],"author":[{"embeddable":true,"href":"https:\/\/stats4sport.com\/lt\/wp-json\/wp\/v2\/users\/1"}],"replies":[{"embeddable":true,"href":"https:\/\/stats4sport.com\/lt\/wp-json\/wp\/v2\/comments?post=4315"}],"version-history":[{"count":3,"href":"https:\/\/stats4sport.com\/lt\/wp-json\/wp\/v2\/pages\/4315\/revisions"}],"predecessor-version":[{"id":4385,"href":"https:\/\/stats4sport.com\/lt\/wp-json\/wp\/v2\/pages\/4315\/revisions\/4385"}],"wp:attachment":[{"href":"https:\/\/stats4sport.com\/lt\/wp-json\/wp\/v2\/media?parent=4315"}],"curies":[{"name":"wp","href":"https:\/\/api.w.org\/{rel}","templated":true}]}}