{"id":4319,"date":"2020-06-18T19:57:28","date_gmt":"2020-06-18T19:57:28","guid":{"rendered":"https:\/\/stats4sport.com\/?page_id=4319"},"modified":"2020-06-26T22:19:01","modified_gmt":"2020-06-26T22:19:01","slug":"kaip-istrinti-vaizdo-irasu-sarasa","status":"publish","type":"page","link":"https:\/\/stats4sport.com\/lt\/kaip-istrinti-vaizdo-irasu-sarasa\/","title":{"rendered":"Kaip i\u0161trinti vaizdo \u012fra\u0161\u0173 s\u0105ra\u0161\u0105?"},"content":{"rendered":"","protected":false},"excerpt":{"rendered":"","protected":false},"author":1,"featured_media":0,"parent":0,"menu_order":0,"comment_status":"closed","ping_status":"closed","template":"support.php","meta":{"_acf_changed":false,"_exactmetrics_skip_tracking":false,"_exactmetrics_sitenote_active":false,"_exactmetrics_sitenote_note":"","_exactmetrics_sitenote_category":0,"footnotes":""},"acf":[],"_links":{"self":[{"href":"https:\/\/stats4sport.com\/lt\/wp-json\/wp\/v2\/pages\/4319"}],"collection":[{"href":"https:\/\/stats4sport.com\/lt\/wp-json\/wp\/v2\/pages"}],"about":[{"href":"https:\/\/stats4sport.com\/lt\/wp-json\/wp\/v2\/types\/page"}],"author":[{"embeddable":true,"href":"https:\/\/stats4sport.com\/lt\/wp-json\/wp\/v2\/users\/1"}],"replies":[{"embeddable":true,"href":"https:\/\/stats4sport.com\/lt\/wp-json\/wp\/v2\/comments?post=4319"}],"version-history":[{"count":3,"href":"https:\/\/stats4sport.com\/lt\/wp-json\/wp\/v2\/pages\/4319\/revisions"}],"predecessor-version":[{"id":4387,"href":"https:\/\/stats4sport.com\/lt\/wp-json\/wp\/v2\/pages\/4319\/revisions\/4387"}],"wp:attachment":[{"href":"https:\/\/stats4sport.com\/lt\/wp-json\/wp\/v2\/media?parent=4319"}],"curies":[{"name":"wp","href":"https:\/\/api.w.org\/{rel}","templated":true}]}}