{"id":4350,"date":"2020-06-19T07:40:55","date_gmt":"2020-06-19T07:40:55","guid":{"rendered":"https:\/\/stats4sport.com\/?page_id=4350"},"modified":"2020-06-30T10:49:22","modified_gmt":"2020-06-30T10:49:22","slug":"redaguoti-arba-istrinti-lankomumo-busena","status":"publish","type":"page","link":"https:\/\/stats4sport.com\/lt\/redaguoti-arba-istrinti-lankomumo-busena\/","title":{"rendered":"Redaguoti arba i\u0161trinti lankomumo b\u016bsen\u0105"},"content":{"rendered":"","protected":false},"excerpt":{"rendered":"","protected":false},"author":1,"featured_media":0,"parent":0,"menu_order":0,"comment_status":"closed","ping_status":"closed","template":"support.php","meta":{"_acf_changed":false,"_exactmetrics_skip_tracking":false,"_exactmetrics_sitenote_active":false,"_exactmetrics_sitenote_note":"","_exactmetrics_sitenote_category":0,"footnotes":""},"acf":[],"_links":{"self":[{"href":"https:\/\/stats4sport.com\/lt\/wp-json\/wp\/v2\/pages\/4350"}],"collection":[{"href":"https:\/\/stats4sport.com\/lt\/wp-json\/wp\/v2\/pages"}],"about":[{"href":"https:\/\/stats4sport.com\/lt\/wp-json\/wp\/v2\/types\/page"}],"author":[{"embeddable":true,"href":"https:\/\/stats4sport.com\/lt\/wp-json\/wp\/v2\/users\/1"}],"replies":[{"embeddable":true,"href":"https:\/\/stats4sport.com\/lt\/wp-json\/wp\/v2\/comments?post=4350"}],"version-history":[{"count":2,"href":"https:\/\/stats4sport.com\/lt\/wp-json\/wp\/v2\/pages\/4350\/revisions"}],"predecessor-version":[{"id":4457,"href":"https:\/\/stats4sport.com\/lt\/wp-json\/wp\/v2\/pages\/4350\/revisions\/4457"}],"wp:attachment":[{"href":"https:\/\/stats4sport.com\/lt\/wp-json\/wp\/v2\/media?parent=4350"}],"curies":[{"name":"wp","href":"https:\/\/api.w.org\/{rel}","templated":true}]}}