{"id":4352,"date":"2020-06-19T07:41:31","date_gmt":"2020-06-19T07:41:31","guid":{"rendered":"https:\/\/stats4sport.com\/?page_id=4352"},"modified":"2020-06-30T10:51:05","modified_gmt":"2020-06-30T10:51:05","slug":"kaip-prideti-nauja-ivykio-tipa","status":"publish","type":"page","link":"https:\/\/stats4sport.com\/lt\/kaip-prideti-nauja-ivykio-tipa\/","title":{"rendered":"Kaip prid\u0117ti nauj\u0105 \u012fvykio tip\u0105?"},"content":{"rendered":"","protected":false},"excerpt":{"rendered":"","protected":false},"author":1,"featured_media":0,"parent":0,"menu_order":0,"comment_status":"closed","ping_status":"closed","template":"support.php","meta":{"_acf_changed":false,"_exactmetrics_skip_tracking":false,"_exactmetrics_sitenote_active":false,"_exactmetrics_sitenote_note":"","_exactmetrics_sitenote_category":0,"footnotes":""},"acf":[],"_links":{"self":[{"href":"https:\/\/stats4sport.com\/lt\/wp-json\/wp\/v2\/pages\/4352"}],"collection":[{"href":"https:\/\/stats4sport.com\/lt\/wp-json\/wp\/v2\/pages"}],"about":[{"href":"https:\/\/stats4sport.com\/lt\/wp-json\/wp\/v2\/types\/page"}],"author":[{"embeddable":true,"href":"https:\/\/stats4sport.com\/lt\/wp-json\/wp\/v2\/users\/1"}],"replies":[{"embeddable":true,"href":"https:\/\/stats4sport.com\/lt\/wp-json\/wp\/v2\/comments?post=4352"}],"version-history":[{"count":2,"href":"https:\/\/stats4sport.com\/lt\/wp-json\/wp\/v2\/pages\/4352\/revisions"}],"predecessor-version":[{"id":4458,"href":"https:\/\/stats4sport.com\/lt\/wp-json\/wp\/v2\/pages\/4352\/revisions\/4458"}],"wp:attachment":[{"href":"https:\/\/stats4sport.com\/lt\/wp-json\/wp\/v2\/media?parent=4352"}],"curies":[{"name":"wp","href":"https:\/\/api.w.org\/{rel}","templated":true}]}}