{"id":4956,"date":"2021-01-15T22:00:29","date_gmt":"2021-01-15T22:00:29","guid":{"rendered":"https:\/\/stats4sport.com\/?page_id=4956"},"modified":"2021-02-03T23:58:49","modified_gmt":"2021-02-03T23:58:49","slug":"kaip-atsisiusti-tvarkarasti","status":"publish","type":"page","link":"https:\/\/stats4sport.com\/lt\/kaip-atsisiusti-tvarkarasti\/","title":{"rendered":"Kaip atsisi\u0173sti tvarkara\u0161t\u012f?"},"content":{"rendered":"","protected":false},"excerpt":{"rendered":"","protected":false},"author":1,"featured_media":0,"parent":0,"menu_order":0,"comment_status":"closed","ping_status":"closed","template":"support.php","meta":{"_acf_changed":false,"_exactmetrics_skip_tracking":false,"_exactmetrics_sitenote_active":false,"_exactmetrics_sitenote_note":"","_exactmetrics_sitenote_category":0,"footnotes":""},"acf":[],"_links":{"self":[{"href":"https:\/\/stats4sport.com\/lt\/wp-json\/wp\/v2\/pages\/4956"}],"collection":[{"href":"https:\/\/stats4sport.com\/lt\/wp-json\/wp\/v2\/pages"}],"about":[{"href":"https:\/\/stats4sport.com\/lt\/wp-json\/wp\/v2\/types\/page"}],"author":[{"embeddable":true,"href":"https:\/\/stats4sport.com\/lt\/wp-json\/wp\/v2\/users\/1"}],"replies":[{"embeddable":true,"href":"https:\/\/stats4sport.com\/lt\/wp-json\/wp\/v2\/comments?post=4956"}],"version-history":[{"count":4,"href":"https:\/\/stats4sport.com\/lt\/wp-json\/wp\/v2\/pages\/4956\/revisions"}],"predecessor-version":[{"id":5256,"href":"https:\/\/stats4sport.com\/lt\/wp-json\/wp\/v2\/pages\/4956\/revisions\/5256"}],"wp:attachment":[{"href":"https:\/\/stats4sport.com\/lt\/wp-json\/wp\/v2\/media?parent=4956"}],"curies":[{"name":"wp","href":"https:\/\/api.w.org\/{rel}","templated":true}]}}