{"id":5749,"date":"2021-02-26T11:04:32","date_gmt":"2021-02-26T11:04:32","guid":{"rendered":"https:\/\/stats4sport.com\/?page_id=5749"},"modified":"2021-02-26T11:04:32","modified_gmt":"2021-02-26T11:04:32","slug":"kaip-istrinti-ivyki-2","status":"publish","type":"page","link":"https:\/\/stats4sport.com\/lt\/kaip-istrinti-ivyki-2\/","title":{"rendered":"Kaip i\u0161trinti \u012fvyk\u012f?"},"content":{"rendered":"","protected":false},"excerpt":{"rendered":"","protected":false},"author":1,"featured_media":0,"parent":0,"menu_order":0,"comment_status":"closed","ping_status":"closed","template":"support.php","meta":{"_acf_changed":false,"_exactmetrics_skip_tracking":false,"_exactmetrics_sitenote_active":false,"_exactmetrics_sitenote_note":"","_exactmetrics_sitenote_category":0,"footnotes":""},"acf":[],"_links":{"self":[{"href":"https:\/\/stats4sport.com\/lt\/wp-json\/wp\/v2\/pages\/5749"}],"collection":[{"href":"https:\/\/stats4sport.com\/lt\/wp-json\/wp\/v2\/pages"}],"about":[{"href":"https:\/\/stats4sport.com\/lt\/wp-json\/wp\/v2\/types\/page"}],"author":[{"embeddable":true,"href":"https:\/\/stats4sport.com\/lt\/wp-json\/wp\/v2\/users\/1"}],"replies":[{"embeddable":true,"href":"https:\/\/stats4sport.com\/lt\/wp-json\/wp\/v2\/comments?post=5749"}],"version-history":[{"count":1,"href":"https:\/\/stats4sport.com\/lt\/wp-json\/wp\/v2\/pages\/5749\/revisions"}],"predecessor-version":[{"id":5750,"href":"https:\/\/stats4sport.com\/lt\/wp-json\/wp\/v2\/pages\/5749\/revisions\/5750"}],"wp:attachment":[{"href":"https:\/\/stats4sport.com\/lt\/wp-json\/wp\/v2\/media?parent=5749"}],"curies":[{"name":"wp","href":"https:\/\/api.w.org\/{rel}","templated":true}]}}