{"id":6262,"date":"2022-05-10T09:03:49","date_gmt":"2022-05-10T09:03:49","guid":{"rendered":"https:\/\/stats4sport.com\/?page_id=6262"},"modified":"2022-05-13T21:17:12","modified_gmt":"2022-05-13T21:17:12","slug":"ivykio-protokolo-vertinimu-kurimas","status":"publish","type":"page","link":"https:\/\/stats4sport.com\/lt\/ivykio-protokolo-vertinimu-kurimas\/","title":{"rendered":"\u012evykio protokolo vertinim\u0173 k\u016brimas"},"content":{"rendered":"","protected":false},"excerpt":{"rendered":"","protected":false},"author":1,"featured_media":0,"parent":0,"menu_order":0,"comment_status":"closed","ping_status":"closed","template":"support.php","meta":{"_acf_changed":false,"_exactmetrics_skip_tracking":false,"_exactmetrics_sitenote_active":false,"_exactmetrics_sitenote_note":"","_exactmetrics_sitenote_category":0,"footnotes":""},"acf":[],"_links":{"self":[{"href":"https:\/\/stats4sport.com\/lt\/wp-json\/wp\/v2\/pages\/6262"}],"collection":[{"href":"https:\/\/stats4sport.com\/lt\/wp-json\/wp\/v2\/pages"}],"about":[{"href":"https:\/\/stats4sport.com\/lt\/wp-json\/wp\/v2\/types\/page"}],"author":[{"embeddable":true,"href":"https:\/\/stats4sport.com\/lt\/wp-json\/wp\/v2\/users\/1"}],"replies":[{"embeddable":true,"href":"https:\/\/stats4sport.com\/lt\/wp-json\/wp\/v2\/comments?post=6262"}],"version-history":[{"count":2,"href":"https:\/\/stats4sport.com\/lt\/wp-json\/wp\/v2\/pages\/6262\/revisions"}],"predecessor-version":[{"id":6273,"href":"https:\/\/stats4sport.com\/lt\/wp-json\/wp\/v2\/pages\/6262\/revisions\/6273"}],"wp:attachment":[{"href":"https:\/\/stats4sport.com\/lt\/wp-json\/wp\/v2\/media?parent=6262"}],"curies":[{"name":"wp","href":"https:\/\/api.w.org\/{rel}","templated":true}]}}