{"id":6321,"date":"2022-05-15T23:36:45","date_gmt":"2022-05-15T23:36:45","guid":{"rendered":"https:\/\/stats4sport.com\/?page_id=6321"},"modified":"2022-05-15T23:36:45","modified_gmt":"2022-05-15T23:36:45","slug":"kaip-issiusti-apklausa","status":"publish","type":"page","link":"https:\/\/stats4sport.com\/lt\/kaip-issiusti-apklausa\/","title":{"rendered":"Kaip i\u0161si\u0173sti apklaus\u0105?"},"content":{"rendered":"","protected":false},"excerpt":{"rendered":"","protected":false},"author":1,"featured_media":0,"parent":0,"menu_order":0,"comment_status":"closed","ping_status":"closed","template":"support.php","meta":{"_acf_changed":false,"_exactmetrics_skip_tracking":false,"_exactmetrics_sitenote_active":false,"_exactmetrics_sitenote_note":"","_exactmetrics_sitenote_category":0,"footnotes":""},"acf":[],"_links":{"self":[{"href":"https:\/\/stats4sport.com\/lt\/wp-json\/wp\/v2\/pages\/6321"}],"collection":[{"href":"https:\/\/stats4sport.com\/lt\/wp-json\/wp\/v2\/pages"}],"about":[{"href":"https:\/\/stats4sport.com\/lt\/wp-json\/wp\/v2\/types\/page"}],"author":[{"embeddable":true,"href":"https:\/\/stats4sport.com\/lt\/wp-json\/wp\/v2\/users\/1"}],"replies":[{"embeddable":true,"href":"https:\/\/stats4sport.com\/lt\/wp-json\/wp\/v2\/comments?post=6321"}],"version-history":[{"count":1,"href":"https:\/\/stats4sport.com\/lt\/wp-json\/wp\/v2\/pages\/6321\/revisions"}],"predecessor-version":[{"id":6322,"href":"https:\/\/stats4sport.com\/lt\/wp-json\/wp\/v2\/pages\/6321\/revisions\/6322"}],"wp:attachment":[{"href":"https:\/\/stats4sport.com\/lt\/wp-json\/wp\/v2\/media?parent=6321"}],"curies":[{"name":"wp","href":"https:\/\/api.w.org\/{rel}","templated":true}]}}