{"id":6325,"date":"2022-05-15T23:39:24","date_gmt":"2022-05-15T23:39:24","guid":{"rendered":"https:\/\/stats4sport.com\/?page_id=6325"},"modified":"2022-05-15T23:39:24","modified_gmt":"2022-05-15T23:39:24","slug":"issiustu-apklausu-perziura","status":"publish","type":"page","link":"https:\/\/stats4sport.com\/lt\/issiustu-apklausu-perziura\/","title":{"rendered":"I\u0161si\u0173st\u0173 apklaus\u0173 per\u017ei\u016bra"},"content":{"rendered":"","protected":false},"excerpt":{"rendered":"","protected":false},"author":1,"featured_media":0,"parent":0,"menu_order":0,"comment_status":"closed","ping_status":"closed","template":"support.php","meta":{"_acf_changed":false,"_exactmetrics_skip_tracking":false,"_exactmetrics_sitenote_active":false,"_exactmetrics_sitenote_note":"","_exactmetrics_sitenote_category":0,"footnotes":""},"acf":[],"_links":{"self":[{"href":"https:\/\/stats4sport.com\/lt\/wp-json\/wp\/v2\/pages\/6325"}],"collection":[{"href":"https:\/\/stats4sport.com\/lt\/wp-json\/wp\/v2\/pages"}],"about":[{"href":"https:\/\/stats4sport.com\/lt\/wp-json\/wp\/v2\/types\/page"}],"author":[{"embeddable":true,"href":"https:\/\/stats4sport.com\/lt\/wp-json\/wp\/v2\/users\/1"}],"replies":[{"embeddable":true,"href":"https:\/\/stats4sport.com\/lt\/wp-json\/wp\/v2\/comments?post=6325"}],"version-history":[{"count":1,"href":"https:\/\/stats4sport.com\/lt\/wp-json\/wp\/v2\/pages\/6325\/revisions"}],"predecessor-version":[{"id":6326,"href":"https:\/\/stats4sport.com\/lt\/wp-json\/wp\/v2\/pages\/6325\/revisions\/6326"}],"wp:attachment":[{"href":"https:\/\/stats4sport.com\/lt\/wp-json\/wp\/v2\/media?parent=6325"}],"curies":[{"name":"wp","href":"https:\/\/api.w.org\/{rel}","templated":true}]}}